{"id":34,"date":"2020-11-21T10:17:14","date_gmt":"2020-11-21T10:17:14","guid":{"rendered":"https:\/\/jennifer-sonntag.de\/?page_id=34"},"modified":"2025-03-07T06:54:22","modified_gmt":"2025-03-07T06:54:22","slug":"anfragen","status":"publish","type":"page","link":"https:\/\/jennifer-sonntag.de\/index.php\/anfragen\/","title":{"rendered":"Anfragen"},"content":{"rendered":"<div class=\"wp-block-image\">\n<figure class=\"aligncenter size-medium is-resized\"><img loading=\"lazy\" decoding=\"async\" width=\"520\" height=\"693\" src=\"https:\/\/jennifer-sonntag.de\/wp-content\/uploads\/2020\/12\/Jennifer-SonntagSeminare-edited.jpg\" alt=\"Jennifer Sonntag steht vor einem gro\u00dfen Glasfenster. Ihr Blick geht direkt in die Kamera und ihr Gesichtsausdruck wirkt sachlich. Die Lippen sind geschlossen und in einem dezenten Rotton geschminkt. In den H\u00e4nden mit den schwarz lackierten Fingern\u00e4geln h\u00e4lt sie einen Blindenstock mit einem eleganten langen schwarzen Griff, der oben mit einem gro\u00dfen Kristall verziert ist. Sie tr\u00e4gt ein schwarzes Kleid mit kurzen \u00c4rmeln und eine schwarze Corsage. Die langen schwarzen Haare fallen in leichten Wellen. Auf dem Kopf tr\u00e4gt sie einen kleinen schwarzen Fascinator (ein kleiner Hut, der ins Haar gesteckt wird), der mit Bl\u00fcten und Bl\u00e4tterranken aus schwarzem Satin verziert ist. Um den Hals tr\u00e4gt sie eine Kette mit einem silbernen kreisrunden Anh\u00e4nger, um den sich eine schwarze Schlange windet.\" class=\"wp-image-204\" style=\"width:350px\" srcset=\"https:\/\/jennifer-sonntag.de\/wp-content\/uploads\/2020\/12\/Jennifer-SonntagSeminare-edited.jpg 520w, https:\/\/jennifer-sonntag.de\/wp-content\/uploads\/2020\/12\/Jennifer-SonntagSeminare-edited-225x300.jpg 225w\" sizes=\"(max-width: 520px) 100vw, 520px\" \/><figcaption class=\"wp-element-caption\">Jennifer Sonntag; Foto: malsehn.media<\/figcaption><\/figure><\/div>\n\n\n<h2 class=\"wp-block-heading\">Was ich anbiete<\/h2>\n\n\n\n<p>Ich kenne das Leben als sehende und als erblindete Frau. In meiner langj\u00e4hrigen T\u00e4tigkeit als blinde TV-Moderatorin in der ARD-Senderfamilie war ich Mittlerin zwischen den Welten und zeigte in eigenen Formaten Gesicht f\u00fcr Selbstbestimmung und Teilhabe. Auch in meinen Beratungen, B\u00fcchern und Kolumnen m\u00f6chte ich unsichtbare Themen sichtbar machen. Als Sozialp\u00e4dagogin, Buchautorin und Fachjournalistin arbeite ich zu den Schwerpunkten Inklusion und Barrierefreiheit, Empowerment und Feminismus, Kunst und Kultur. Wenn ich neben meinen festen Auftr\u00e4gen freie Kapazit\u00e4ten habe, spreche ich ausgesucht zu meinen Inhalten in Podcasts oder Magazinbeitr\u00e4gen. Senden Sie Ihre Interviewanfragen (au\u00dfer TV) gern an:<\/p>\n\n\n\n<p><a href=\"mailto:JSonntag@blindverstehen.de\" target=\"_blank\" rel=\"noreferrer noopener\">JSonntag@blindverstehen.de<\/a><\/p>\n\n\n\n<h2 class=\"wp-block-heading\">Unser Kollektiv<\/h2>\n\n\n\n<p>Online-Vortr\u00e4ge und Workshop-Beteiligungen biete ich f\u00fcr die Initiative Barrierefrei Feiern an. Wir schulen Veranstaltende von Konzerten und Festivals darin, ihre Events barrierefrei mitzudenken. Bei Interesse an unserer Dienstleistung wenden Sie sich bitte direkt an die IBF: <a rel=\"noreferrer noopener\" href=\"http:\/\/www.barrierefrei-feiern.de\" target=\"_blank\">www.barrierefrei-feiern.de<\/a>  <\/p>\n\n\n\n<h2 class=\"wp-block-heading\">Was ich nicht anbiete<\/h2>\n\n\n\n<p>Es spart beiden Seiten Arbeit, wenn Sie wissen, was ich nicht anbiete. Einladungen zu Talkshows, Podiumsdiskussionen und \u00e4hnlichen Pr\u00e4senzveranstaltungen kann ich aktuell nicht annehmen. Auch bin ich nicht als Veranstaltungsmoderatorin t\u00e4tig. Ich m\u00f6chte Sie jedoch ermutigen, gezielt Menschen mit Behinderungen anzufragen, die diese Angebote in ihrem Portfolio haben.<\/p>\n\n\n\n\n\n<p><\/p>\n\n\n\n<p><\/p>\n","protected":false},"excerpt":{"rendered":"<p>Was ich anbiete Ich kenne das Leben als sehende und als erblindete Frau. In meiner langj\u00e4hrigen T\u00e4tigkeit als blinde TV-Moderatorin in der ARD-Senderfamilie war ich Mittlerin zwischen den Welten und zeigte in eigenen Formaten Gesicht f\u00fcr Selbstbestimmung und Teilhabe. Auch in meinen Beratungen, B\u00fcchern und Kolumnen m\u00f6chte ich unsichtbare Themen sichtbar machen. Als Sozialp\u00e4dagogin, Buchautorin [&hellip;]<\/p>\n","protected":false},"author":1,"featured_media":0,"parent":0,"menu_order":0,"comment_status":"closed","ping_status":"closed","template":"","meta":{"footnotes":""},"class_list":["post-34","page","type-page","status-publish","hentry"],"_links":{"self":[{"href":"https:\/\/jennifer-sonntag.de\/index.php\/wp-json\/wp\/v2\/pages\/34"}],"collection":[{"href":"https:\/\/jennifer-sonntag.de\/index.php\/wp-json\/wp\/v2\/pages"}],"about":[{"href":"https:\/\/jennifer-sonntag.de\/index.php\/wp-json\/wp\/v2\/types\/page"}],"author":[{"embeddable":true,"href":"https:\/\/jennifer-sonntag.de\/index.php\/wp-json\/wp\/v2\/users\/1"}],"replies":[{"embeddable":true,"href":"https:\/\/jennifer-sonntag.de\/index.php\/wp-json\/wp\/v2\/comments?post=34"}],"version-history":[{"count":15,"href":"https:\/\/jennifer-sonntag.de\/index.php\/wp-json\/wp\/v2\/pages\/34\/revisions"}],"predecessor-version":[{"id":868,"href":"https:\/\/jennifer-sonntag.de\/index.php\/wp-json\/wp\/v2\/pages\/34\/revisions\/868"}],"wp:attachment":[{"href":"https:\/\/jennifer-sonntag.de\/index.php\/wp-json\/wp\/v2\/media?parent=34"}],"curies":[{"name":"wp","href":"https:\/\/api.w.org\/{rel}","templated":true}]}}