{"id":345,"date":"2022-05-05T13:38:28","date_gmt":"2022-05-05T13:38:28","guid":{"rendered":"https:\/\/jennifer-sonntag.de\/?page_id=345"},"modified":"2023-03-22T11:06:55","modified_gmt":"2023-03-22T11:06:55","slug":"der-geschmack-von-lippenrot","status":"publish","type":"page","link":"https:\/\/jennifer-sonntag.de\/index.php\/einblicke\/der-geschmack-von-lippenrot\/","title":{"rendered":"Der Geschmack von Lippenrot"},"content":{"rendered":"\n<h2 class=\"wp-block-heading\">Warum ich mir das Schminken nicht abschminke<\/h2>\n\n\n\n<figure class=\"wp-block-image size-full is-resized\"><img loading=\"lazy\" decoding=\"async\" src=\"https:\/\/jennifer-sonntag.de\/wp-content\/uploads\/2022\/05\/Lippenrot-Foto.jpg\" alt=\"Jennifer Sonntag sitzt an einem Tisch auf dem verschiedene Schminkutensilien liegen und schminkt sich die Lippen mit einem pinken Lippenstift. Ihre schwarzen langen Haare werden von einem ebenfalls pinken Haarband gehalten und sie tr\u00e4gt eine d\u00fcnne pinke Jacke \u00fcber einem schwarzen Oberteil. Auf dem Tisch steht zudem ihr Buch &quot;Der Geschmack von Lippenrot&quot;.\" class=\"wp-image-344\" width=\"600\" height=\"800\" srcset=\"https:\/\/jennifer-sonntag.de\/wp-content\/uploads\/2022\/05\/Lippenrot-Foto.jpg 600w, https:\/\/jennifer-sonntag.de\/wp-content\/uploads\/2022\/05\/Lippenrot-Foto-225x300.jpg 225w\" sizes=\"(max-width: 600px) 100vw, 600px\" \/><figcaption class=\"wp-element-caption\">Jennifer Sonntag beim Schminken; Foto: Wolfgang Sonntag<\/figcaption><\/figure>\n\n\n\n<p>W\u00e4hrend sehende Frauen auf ein un\u00fcberschaubares Angebot an Beauty- und Schminkratgebern zur\u00fcckgreifen k\u00f6nnen, gab es f\u00fcr blinde Geschlechtsgenossinnen in den letzten fast 50 Jahren nur eine mir bekannte, buchgewordene Schminkanleitung, die eine blinde Frau f\u00fcr andere blinde Frauen ver\u00f6ffentlichte. Es handelt sich um \u201eDie Kunst des Schminkens\u201c von Dorothy Pirozzi, einem erblindeten Model aus Amerika. Da ich nicht weitere 50 Jahre warten wollte, entschloss ich mich, f\u00fcr blinde Schminkfreundinnen das Buch <a href=\"https:\/\/jennifer-sonntag.de\/index.php\/buecher\/#lippenrot\" data-type=\"page\">\u201eDer Geschmack von Lippenrot\u201c<\/a> zu schreiben.<\/p>\n\n\n\n<p>Mit meinem Wunsch, mit anderen blinden Frauen \u00fcber dekorative Kosmetik in Austausch zu kommen, bin ich nicht allein. So durfte ich Gemeinsam mit der blinden YouTuberin Tina Sohrab zum Braille-Festival 2019, in einem Beauty-Talk Rede und Antwort zu unserer gemeinsamen Leidenschaft stehen. Die ebenfalls blinde Moderatorin der Veranstaltung, Hanna Reuther, interviewte Tina zu ihren Tutorials und mich zu meinem Ratgeber und auch das Fernsehen war vor Ort. Wegen so eines banalen Themas? F\u00fcr uns sehbeeintr\u00e4chtigte Frauen ist das nicht banal, weil wir, wie bei vielen anderen vermeintlichen Selbstverst\u00e4ndlichkeiten, ganz eigene Tricks und Kniffe erlernen m\u00fcssen. Oft werden diese im Falle dekorativer Kosmetik von sehenden Profis vermittelt. Am bekanntesten sind wohl die Schminkkurse von Rene Koch, die er auf Wunsch blinder Frauen ins Leben rief und auf die er sich selbst in Dunkelexperimenten vorbereitete. Ich finde es super, wenn nun auch wir betroffenen Frauen selbst, wie damals Dorothy Pirozzi, diese Angebote als Expertinnen in eigener Sache erg\u00e4nzen. Und ja, auch von blinden M\u00e4nnern kommen zunehmend Anfragen zu kosmetischen Belangen.<\/p>\n\n\n\n<p>Oft habe ich das Gef\u00fchl, mich daf\u00fcr rechtfertigen zu m\u00fcssen, dass ich mich f\u00fcr Beauty-Themen interessiere. Sogar nach einer ganz normalen Pflegebehandlung hatten andere Kundinnen meine Kosmetikerinnen gefragt, warum ich als Blinde dort hinginge. Diese Logik verstehe ich nicht. Soll ich, da ich erblindet bin, diese hilfreichen Routinen unterlassen, nur, weil ich das Ergebnis nicht sehe? Gerade die Besuche bei meiner Fris\u00f6rin, Kosmetikerin oder Nagel-Designerin geben mir die Sicherheit, dass alles im Rahmen ist. Manchmal schminke ich mich dann zus\u00e4tzlich noch gern ein bisschen. Hier tauchen dann weitere Fragezeichen auf: \u201eWarum macht sie das, sie sieht es ja selber gar nicht?\u201c Da ich mir auch bei der Auswahl von Kleidung und Schmuck Gedanken um meinen Stil mache, ist der Lippenstift f\u00fcr mich dann das passende I-T\u00fcpfelchen, ein geliebtes Markenzeichen.<\/p>\n\n\n\n<p>Bereits als junges M\u00e4dchen trug ich mir gern Lippenstift auf. An unserer Sehbehindertenschule war ich mit meiner Freundin damals eher eine Ausnahme, was das Interesse f\u00fcr Schminkutensilien betraf. Eine strenge Lehrerin hatte mich sogar einmal richtig kr\u00e4ftig in den Hintern getreten, sodass ich in die Ranzenecke fiel. Dabei trug ich den Lippenstift im Schulhaus gar nicht, aber dass ich einen besa\u00df, muss \u00c4rgernis genug gewesen sein. Oder waren die gestylten Haare und das kurze R\u00f6ckchen Stein des Ansto\u00dfes? Zum Trost gab es zwar einen Radiergummi, aber ich hatte gelernt, dass bei manch alter Reha-P\u00e4dagogin \u201eM\u00e4dchenkram\u201c sowas wie der Ruch des B\u00f6sen war. Begr\u00fcndung: \u201eDann brauchst du dich nicht wundern, wenn dir was passiert\u201c. Ich h\u00e4tte mir statt dessen Selbstst\u00e4rkungskurse f\u00fcr junge sehbehinderte M\u00e4dchen gew\u00fcnscht und gern auch blinde junge Frauen kennengelernt, mit denen ich mich h\u00e4tte identifizieren k\u00f6nnen, da ich sp\u00e4ter auch erblinden sollte und mir kein Leben als graue Maus vorstellen wollte. Toll fand ich immer unsere Schulauff\u00fchrungen, bei denen wir uns richtig rausputzen oder verkleiden durften, meist mit unserer Tanzgruppe und ja, gerade in diesen kreativen Bereichen gab es auch mehr Offenheit f\u00fcr unser Ausprobieren.<\/p>\n\n\n\n<p>Ich verstehe es gut, wenn sich Frauen \u00fcberhaupt nicht schminken wollen. Ich tue das privat auch eher selten. Mir ist nur wichtig, dass gerade blinde Frauen selbstbestimmt w\u00e4hlen k\u00f6nnen und sich nicht aus Mangel an Teilhabem\u00f6glichkeiten, also aus Not geboren, gegen etwas entscheiden m\u00fcssen, was Ihnen eigentlich Freude bereitet. F\u00fcr uns blinde Frauen ist der Markt an M\u00f6glichkeiten oft kleiner und barrierefreie Zug\u00e4nge zu optischen Themen sind rar. Ich bin dann oft happy \u00fcber den einen Kr\u00fcmel vom gro\u00dfen Beauty-Kuchen. Entscheidet Frau aber selbstbestimmt und nicht aus mangelnder Dazugeh\u00f6rigkeit, dass ihr der Lippenstift getrost gestohlen bleiben kann, dann finde ich das auch eine selbstbestimmte Wahl. Ich m\u00f6chte dennoch nicht als oberfl\u00e4chlich verurteilt werden, weil ich mich auch gern mal schminke. Gerade weil ich doch eher ein tiefsinniger Mensch bin, der sich oft mit schweren Themen befassen muss, ist es f\u00fcr mich ein Ausgleich f\u00fcr die Seele, hin und wieder einfach mal in Lippenstiftfarben zu denken.<\/p>\n\n\n\n<p>Bei meiner Fernseharbeit f\u00fcr die Sendung \u201eSelbstbestimmt!\u201c lasse ich mich gern von meinen Make-up-Artistinnen unterst\u00fctzen. F\u00fcr ein richtiges HD-Make-up reichen meine alltagspraktischen Schminktechniken nicht aus, da m\u00fcssen wirklich die Profis ran. Ich merke immer wieder, dass ich hier wirklich blindes Vertrauen brauche, denn gerade meine Augen reagieren sehr empfindlich und wir m\u00fcssen uns gut dar\u00fcber abstimmen, was in meinem Gesicht passieren soll. Hier bin ich auch tats\u00e4chlich manchmal etwas traurig dar\u00fcber, dass andere Menschen sp\u00e4ter etwas im Fernsehen von mir anschauen werden, was ich selbst nur im Kopf kreieren kann. Da ich schon viele Jahre vor der Kamera arbeite, ist mir sehr bewusst, dass ich mich als Frau auch ver\u00e4ndere, das ist auch ein Gef\u00fchl des Kontrollverlusts. Aber ich liebe die Beauty-Oase mit den Tiegeln, T\u00fcbchen, Paletten, Pinseln und Quasten, die vor jedem Drehtermin wie ein kleines Heiligtum aufgebaut wird. Und ich lerne dadurch auch immer wieder interessante Produkte kennen, die ich mir dann nachkaufe.&nbsp;&nbsp;<\/p>\n\n\n\n<p>Wie ich mich ganz pers\u00f6nlich als blinde Frau, aber auch als Peer-Beraterin f\u00fcr andere blinde Frauen, dem Schminken mit Sp\u00fcrsinn gen\u00e4hert habe, beschreibe ich ausf\u00fchrlich in meinem Buch \u201eDer Geschmack von Lippenrot\u201c. Oft werde ich gefragt, ob ich ein paar kurze Schminktipps geben kann. Gerade f\u00fcr blinde Frauen muss man etwas genauer beschreiben, deshalb ist kurz und knapp schwierig. Frau kann sich dann schnell vertun.&nbsp; Ich versuche dennoch einige Einblicke zu geben, f\u00fcr detaillierte Schminkanleitungen sollten meine blinden Schminkfreundinnen aber lieber das Buch zur Hand nehmen.<\/p>\n\n\n\n<p>Zun\u00e4chst habe ich mich zu meinem Farbtyp und zu meinen Hautbed\u00fcrfnissen beraten lassen. Danach w\u00e4hlte ich die passenden Produkte aus. Das war ein Prozess und ich lasse mich noch immer gern inspirieren. Die eigene Gesichtsform und alle Schminktechniken lernte ich in Ruhe durch Trocken\u00fcbungen kennen. Ich selbst arbeite \u00fcberwiegend mit Fingerspitzengef\u00fchl, also dem Tastsinn. So trage ich in vorgegebenen Massagebewegungen die Foundation auf und arbeite im gleichen System mit einem Beauty-Blender nach, einem Schminkschw\u00e4mmchen, was wie ein kleines Ei geformt ist. Da ich \u00fcber lose Puder als vollblinde Frau weniger Kontrolle habe, nutze ich hier ausschlie\u00dflich kompakte Varianten und einen Puderpinsel. Wenn ich mich f\u00fcr Rouge entscheide, z\u00e4hle ich zuvor ab, wie oft ich mit dem Rouge-Pinsel \u00fcber mein Produkt gehe und achte darauf, dass ich auf beiden Gesichtsseiten gleich verfahre. Es ist wichtig sich zu informieren, wo bei einem selbst das Rouge richtig platziert ist. Manche blinde Frauen verwenden statt Pudern auch lieber Cremeprodukte. Hier lohnt es sich, selbst ein bisschen zu experimentieren, was einem leichter von der Hand geht.<\/p>\n\n\n\n<p>Lidschatten trage ich mir mit den Fingern auf und streiche daf\u00fcr mit der Fingerspitze zuvor \u00fcber meine meist hellen Pudert\u00f6ne in der Palette. Auch hier z\u00e4hle ich wieder ab, um f\u00fcr jede Seite gleich viel Material zu verwenden. Ein Reinigungstuch f\u00fcr die Fingerkuppe liegt stets in Griffbereitschaft. Auch auf dem Lid gehe ich mit systematischen Streichbewegungen vor und setze manchmal noch einen weiteren Akzent mit einer dunkleren Lidschattenfarbe. Bei der Wimperntusche lasse ich die Hand mit der Spiralb\u00fcrste \u201eeinfrieren\u201c und zwinkere die Farbe mit der Wimper vorsichtig von der B\u00fcrste ab. Sehende Frauen machen es genau umgekehrt. Sie halten die Wimper still und bewegen die B\u00fcrste hindurch. Manche Frauen beherrschen den Lidstrich blind, dazu geh\u00f6re ich leider nicht. Das ist wirklich die K\u00f6niginnenklasse, weil man hier sehr exakt und symmetrisch arbeiten muss. Hier ist Permanent-Make-up eine sch\u00f6ne Alternative. Will ich mich an die Brauen trauen, nutze ich gern Puderstifte. Damit meine Brauen sch\u00f6n in Form bleiben, mache ich ihnen feste Zupftermine.<\/p>\n\n\n\n<p>Zu meinem Lieblingsutensil, dem Lippenstift, g\u00e4be es so viel zu sagen. Deshalb w\u00e4hle ich an dieser Stelle meine aktuell bevorzugte Variante aus. Es gibt einen Lippenstift, der den ganzen Tag lang h\u00e4lt und mit dem ich sogar essen kann. Er wird mit einem \u00e4hnlichen Applikator aufgetragen, wie ein Lipgloss. Hier muss ich nur etwas aufpassen, da dieser Dauerlippenstift so farbintensiv, wie eine Tinte ist und auch die Lippenkontur besser treffen muss, als ein Lipgloss. Um den Umgang mit dem Applikator zu \u00fcben, rate ich f\u00fcr den Anfang erstmal zu einem farblosen Gloss. Hier ist es auch nicht so schlimm, wenn etwas daneben geht. Bei farbintensiven Lippenstiften jedoch, auch bei den Klassikern, die man aus der H\u00fclse drehen muss,&nbsp;&nbsp;&nbsp;&nbsp;&nbsp; ist es wichtig, mit der eigenen Lippenkontur vertraut zu sein. Hier fallen Ausrutscher deutlicher auf. Aber das ist alles eine \u00dcbungssache und Schminken lernen wir nur durch Schminken!<\/p>\n\n\n\n<p>Es ist f\u00fcr mich wahnsinnig spannend, mich mit anderen blinden Frauen \u00fcber ihre Schminkerfahrungen auszutauschen und ich finde es auch immer super und bereichernd, wenn eine es ganz anders macht, als ich. Bei sehenden Frauen gibt es ja auch viele verschiedene Techniken. Ich betrachte mich deshalb immer nur als Impulsgeberin und m\u00f6chte anderen blinden Frauen Lust auf das Thema Schminken machen, was dann jede ganz selbstbestimmt ausgestalten kann. Gehen wir also in sinnlichen Schritten und mit viel Fingerspitzengef\u00fchl auf die Suche nach dem Duft unseres Teints, dem Klang unseres Wimpernschlags und dem Geschmack unseres Lippenrots!&nbsp;<\/p>\n\n\n\n<p>Dieser Blogbeitrag erschien auch auf \u201eLydias Welt\u201c:  <a href=\"https:\/\/lydiaswelt.com\/2022\/05\/12\/anregungen-zum-blind-schminken\/\" data-type=\"URL\" data-id=\"https:\/\/lydiaswelt.com\/2022\/05\/12\/anregungen-zum-blind-schminken\/\" target=\"_blank\" rel=\"noreferrer noopener\">Anregungen zum blind Schminken <\/a><\/p>\n\n\n\n<p>&nbsp;<\/p>\n\n\n\n<p>Erg\u00e4nzende Links zum Thema:<br><br><a href=\"https:\/\/www.mdr.de\/selbstbestimmt\/video-313988.html\" rel=\"noreferrer noopener\" target=\"_blank\">https:\/\/www.mdr.de\/selbstbestimmt\/video-313988.html<\/a><br><br><a href=\"https:\/\/kobinet-nachrichten.org\/2019\/03\/07\/jennifer-sonntag-zum-geschmack-von-lippenrot\/\" rel=\"noreferrer noopener\" target=\"_blank\">https:\/\/kobinet-nachrichten.org\/2019\/03\/07\/jennifer-sonntag-zum-geschmack-vo<br>n-lippenrot\/<\/a><br><br><a href=\"https:\/\/kobinet-nachrichten.org\/2018\/12\/09\/neues-buch-der-geschmack-von-lippenrot\/\" rel=\"noreferrer noopener\" target=\"_blank\">https:\/\/kobinet-nachrichten.org\/2018\/12\/09\/neues-buch-der-geschmack-von-lipp<br>enrot\/<\/a><\/p>\n\n\n\n<div class=\"wp-block-buttons is-content-justification-center is-layout-flex wp-container-core-buttons-is-layout-1 wp-block-buttons-is-layout-flex\">\n<div class=\"wp-block-button\"><a class=\"wp-block-button__link has-background-color has-secondary-background-color has-text-color has-background wp-element-button\" href=\"https:\/\/jennifer-sonntag.de\/index.php\/blog\/\">Zum Blog<\/a><\/div>\n<\/div>\n","protected":false},"excerpt":{"rendered":"<p>Warum ich mir das Schminken nicht abschminke W\u00e4hrend sehende Frauen auf ein un\u00fcberschaubares Angebot an Beauty- und Schminkratgebern zur\u00fcckgreifen k\u00f6nnen, gab es f\u00fcr blinde Geschlechtsgenossinnen in den letzten fast 50 Jahren nur eine mir bekannte, buchgewordene Schminkanleitung, die eine blinde Frau f\u00fcr andere blinde Frauen ver\u00f6ffentlichte. Es handelt sich um \u201eDie Kunst des Schminkens\u201c von [&hellip;]<\/p>\n","protected":false},"author":1,"featured_media":0,"parent":322,"menu_order":0,"comment_status":"closed","ping_status":"closed","template":"","meta":{"footnotes":""},"class_list":["post-345","page","type-page","status-publish","hentry"],"_links":{"self":[{"href":"https:\/\/jennifer-sonntag.de\/index.php\/wp-json\/wp\/v2\/pages\/345"}],"collection":[{"href":"https:\/\/jennifer-sonntag.de\/index.php\/wp-json\/wp\/v2\/pages"}],"about":[{"href":"https:\/\/jennifer-sonntag.de\/index.php\/wp-json\/wp\/v2\/types\/page"}],"author":[{"embeddable":true,"href":"https:\/\/jennifer-sonntag.de\/index.php\/wp-json\/wp\/v2\/users\/1"}],"replies":[{"embeddable":true,"href":"https:\/\/jennifer-sonntag.de\/index.php\/wp-json\/wp\/v2\/comments?post=345"}],"version-history":[{"count":5,"href":"https:\/\/jennifer-sonntag.de\/index.php\/wp-json\/wp\/v2\/pages\/345\/revisions"}],"predecessor-version":[{"id":639,"href":"https:\/\/jennifer-sonntag.de\/index.php\/wp-json\/wp\/v2\/pages\/345\/revisions\/639"}],"up":[{"embeddable":true,"href":"https:\/\/jennifer-sonntag.de\/index.php\/wp-json\/wp\/v2\/pages\/322"}],"wp:attachment":[{"href":"https:\/\/jennifer-sonntag.de\/index.php\/wp-json\/wp\/v2\/media?parent=345"}],"curies":[{"name":"wp","href":"https:\/\/api.w.org\/{rel}","templated":true}]}}