{"id":38,"date":"2020-11-21T10:20:14","date_gmt":"2020-11-21T10:20:14","guid":{"rendered":"https:\/\/jennifer-sonntag.de\/?page_id=38"},"modified":"2026-01-23T15:03:21","modified_gmt":"2026-01-23T15:03:21","slug":"referenzen","status":"publish","type":"page","link":"https:\/\/jennifer-sonntag.de\/index.php\/referenzen\/","title":{"rendered":"Referenzen"},"content":{"rendered":"<div class=\"wp-block-image is-resized\">\n<figure class=\"aligncenter size-large\"><img loading=\"lazy\" decoding=\"async\" width=\"682\" height=\"1024\" src=\"https:\/\/jennifer-sonntag.de\/wp-content\/uploads\/2021\/05\/Barbara-682x1024.jpg\" alt=\"Jennifer Sonntag sitzt mit \u00fcbereinander geschlagenen Beinen auf einem rot gepolsterten Stuhl an einem kleinen Tisch, auf dem eine Kaffeetasse und ein Wasserglas stehen. Ihr Blick scheint an der Kamera vorbei in die Ferne zu schweifen. Die Lippen sind geschlossen und in einem kr\u00e4ftigen Rotton geschminkt. In den H\u00e4nden mit den schwarz lackierten Fingern\u00e4geln h\u00e4lt sie einen Blindenstock mit einem eleganten langen schwarzen Griff, der oben mit einem gro\u00dfen Kristall verziert ist. Sie tr\u00e4gt ein kurzes schwarzes Kleid mit kurzen \u00c4rmeln und eine schwarze Corsage. Die langen schwarzen Haare fallen in leichten Wellen. Auf dem Kopf tr\u00e4gt sie einen kleinen schwarzen Fascinator (ein kleiner Hut, der ins Haar gesteckt wird), der mit Bl\u00fcten und Bl\u00e4tterranken aus schwarzem Satin verziert ist. Um den Hals tr\u00e4gt sie eine Kette mit einem silbernen kreisrunden Anh\u00e4nger, um den sich eine schwarze Schlange windet.\" class=\"wp-image-248\" srcset=\"https:\/\/jennifer-sonntag.de\/wp-content\/uploads\/2021\/05\/Barbara-682x1024.jpg 682w, https:\/\/jennifer-sonntag.de\/wp-content\/uploads\/2021\/05\/Barbara-200x300.jpg 200w, https:\/\/jennifer-sonntag.de\/wp-content\/uploads\/2021\/05\/Barbara-768x1152.jpg 768w, https:\/\/jennifer-sonntag.de\/wp-content\/uploads\/2021\/05\/Barbara-1024x1536.jpg 1024w, https:\/\/jennifer-sonntag.de\/wp-content\/uploads\/2021\/05\/Barbara-1200x1800.jpg 1200w, https:\/\/jennifer-sonntag.de\/wp-content\/uploads\/2021\/05\/Barbara.jpg 1333w\" sizes=\"(max-width: 682px) 100vw, 682px\" \/><figcaption class=\"wp-element-caption\">Jennifer Sonntag im Cafe; Foto: Jasmin Zwick<\/figcaption><\/figure><\/div>\n\n\n<p>Sie haben Muse, sich in meine Archive zu vertiefen? Unter folgenden Links finden Sie vielf\u00e4ltige Informationen zu meinen Themen und Texten:<\/p>\n\n\n\n<p>Archivseite zu meiner Arbeit als Fernsehmoderatorin, Buchautorin, Diplom-Sozialp\u00e4dagogin und Inklusionsbotschafterin<br><a href=\"http:\/\/www.blindverstehen.de\/\" target=\"_blank\" rel=\"noreferrer noopener\">http:\/\/www.blindverstehen.de\/<\/a><\/p>\n\n\n\n<p>Journalistinnenportrait des BSV WMB zu meiner feministischen Arbeit:<br><a href=\"https:\/\/www.blindenverband-wnb.at\/blog\/frauen-ermaechtigt-euch\/\" target=\"_blank\" rel=\"noreferrer noopener\">https:\/\/www.blindenverband-wnb.at\/blog\/frauen-ermaechtigt-euch\/<\/a><\/p>\n\n\n\n<p>Autorinnenseite auf &#8222;Die Neue Norm&#8220; mit ausgew\u00e4hlten Kolumnen ab 2022:<br><a href=\"https:\/\/dieneuenorm.de\/author\/jennifer-sonntag\/\" target=\"_blank\" rel=\"noreferrer noopener\">https:\/\/dieneuenorm.de\/author\/jennifer-sonntag\/<\/a><br><br>Igel-Podcast mit meinen monatlichen Gastepisoden &#8222;Sonntag trifft Igel&#8220;:<br><a href=\"https:\/\/igel-inklusion-ganz-einfach-leben.letscast.fm\/\" target=\"_blank\" rel=\"noreferrer noopener\">https:\/\/igel-inklusion-ganz-einfach-leben.letscast.fm\/<\/a><\/p>\n\n\n\n<p>Autor*innenseite zu meinem gemeinsamen Kunst- und Literaturprojekt mit meinem Buch- und Lebenspartner Dirk Rotzsch<br><a href=\"https:\/\/www.liebemitlaufmaschen.de\/\" target=\"_blank\" rel=\"noreferrer noopener\">https:\/\/www.liebemitlaufmaschen.de\/<\/a><\/p>\n\n\n\n<p>Galerieseite zu gemeinsamen Kunst- und Literaturprojekten zur barrierefreien Ausstellungskultur mit Franziska Appel und vielen anderen Beteiligten<br><a rel=\"noreferrer noopener\" href=\"https:\/\/galeriegefluester.wordpress.com\/).\" target=\"_blank\">https:\/\/galeriegefluester.wordpress.com\/<\/a><\/p>\n\n\n\n<p>Projektseite von \u201eKulturregen Berlin\u201c mit meinem H\u00f6rst\u00fcck \u201eDie Duftsammlerin\u201c:<br><a href=\"https:\/\/www.youtube.com\/watch?v=7P94hqfBlqs\" target=\"_blank\" rel=\"noreferrer noopener\">https:\/\/www.youtube.com\/watch?v=7P94hqfBlqs<\/a><\/p>\n\n\n\n<p>Magazinseite \u201eDrunter + Dr\u00fcber\u201c mit meinen festen Rubriken (abopflichtig):<br><a href=\"https:\/\/dud-online.de\/\" target=\"_blank\" rel=\"noreferrer noopener\">https:\/\/dud-online.de\/<\/a><\/p>\n\n\n\n<p>Magazinseite \u201eNicht gesellschaftsf\u00e4hig\u201c mit meinen Beteiligungen:<br><a href=\"https:\/\/nichtgesellschaftsfaehig-online.de\/\" target=\"_blank\" rel=\"noreferrer noopener\">https:\/\/nichtgesellschaftsfaehig-online.de\/ <\/a><\/p>\n\n\n\n<p>Festivalseite zur \u201eStadt der Sterblichen\u201c mit meiner Mitwirkung als Botschafterin<br><a rel=\"noreferrer noopener\" href=\"https:\/\/www.stadt-der-sterblichen.de\/news\/detail\/sds19-interview-jennifer-sonntag\/\" target=\"_blank\">https:\/\/www.stadt-der-sterblichen.de\/news\/detail\/sds19-interview-jennifer-sonntag\/<\/a><\/p>\n\n\n\n<p>Kobinet-Nachrichtenseite zur Behindertenpolitik (dort meinen Namen ins Suchfeld eingeben, um weitere meiner Themen und Texte zu finden) <a href=\"https:\/\/kobinet-nachrichten.org\/2023\/01\/16\/jennifer-sonntag-fernsehen-und-nichtsehen-widersprechen-sich-nicht\/\" target=\"_blank\" rel=\"noreferrer noopener\">https:\/\/kobinet-nachrichten.org\/2024\/12\/16\/wo-sind-all-die-anderen-blinden-tv-frauen-2\/<\/a><\/p>\n\n\n\n\n\n<p><\/p>\n","protected":false},"excerpt":{"rendered":"<p>Sie haben Muse, sich in meine Archive zu vertiefen? Unter folgenden Links finden Sie vielf\u00e4ltige Informationen zu meinen Themen und Texten: Archivseite zu meiner Arbeit als Fernsehmoderatorin, Buchautorin, Diplom-Sozialp\u00e4dagogin und Inklusionsbotschafterinhttp:\/\/www.blindverstehen.de\/ Journalistinnenportrait des BSV WMB zu meiner feministischen Arbeit:https:\/\/www.blindenverband-wnb.at\/blog\/frauen-ermaechtigt-euch\/ Autorinnenseite auf &#8222;Die Neue Norm&#8220; mit ausgew\u00e4hlten Kolumnen ab 2022:https:\/\/dieneuenorm.de\/author\/jennifer-sonntag\/ Igel-Podcast mit meinen monatlichen Gastepisoden &#8222;Sonntag [&hellip;]<\/p>\n","protected":false},"author":1,"featured_media":0,"parent":0,"menu_order":0,"comment_status":"closed","ping_status":"closed","template":"","meta":{"footnotes":""},"class_list":["post-38","page","type-page","status-publish","hentry"],"_links":{"self":[{"href":"https:\/\/jennifer-sonntag.de\/index.php\/wp-json\/wp\/v2\/pages\/38"}],"collection":[{"href":"https:\/\/jennifer-sonntag.de\/index.php\/wp-json\/wp\/v2\/pages"}],"about":[{"href":"https:\/\/jennifer-sonntag.de\/index.php\/wp-json\/wp\/v2\/types\/page"}],"author":[{"embeddable":true,"href":"https:\/\/jennifer-sonntag.de\/index.php\/wp-json\/wp\/v2\/users\/1"}],"replies":[{"embeddable":true,"href":"https:\/\/jennifer-sonntag.de\/index.php\/wp-json\/wp\/v2\/comments?post=38"}],"version-history":[{"count":19,"href":"https:\/\/jennifer-sonntag.de\/index.php\/wp-json\/wp\/v2\/pages\/38\/revisions"}],"predecessor-version":[{"id":917,"href":"https:\/\/jennifer-sonntag.de\/index.php\/wp-json\/wp\/v2\/pages\/38\/revisions\/917"}],"wp:attachment":[{"href":"https:\/\/jennifer-sonntag.de\/index.php\/wp-json\/wp\/v2\/media?parent=38"}],"curies":[{"name":"wp","href":"https:\/\/api.w.org\/{rel}","templated":true}]}}