{"id":564,"date":"2023-02-14T18:20:39","date_gmt":"2023-02-14T18:20:39","guid":{"rendered":"https:\/\/jennifer-sonntag.de\/?page_id=564"},"modified":"2023-05-15T10:51:32","modified_gmt":"2023-05-15T10:51:32","slug":"was-will-denn-die-blinde-bei-instagram","status":"publish","type":"page","link":"https:\/\/jennifer-sonntag.de\/index.php\/einblicke\/was-will-denn-die-blinde-bei-instagram\/","title":{"rendered":"Was will denn die Blinde bei Instagram?"},"content":{"rendered":"\n<p>Diese Frage w\u00fcrde mich ziemlich erz\u00fcrnen, h\u00e4tte ich sie nicht selber gestellt, denn ich bin die Blinde. Instagram, so k\u00f6nnte man vermuten, konfrontiert einen blinden Menschen mit etwas, zu dem ihm der Zugang fehlt: mit Bilderwelten, mit fotodokumentiertem Leben, mit Sichtbarkeit, auch der eigenen. Ja, und da ist ein gro\u00dfes St\u00fcck Wahrheit an der einleitenden Frage, eine Kontroverse, auch f\u00fcr mich, denn nicht immer stehe ich dar\u00fcber, so viele Bilder zu verlieren.<\/p>\n\n\n\n<p>Meine Fotoalben habe ich kurz nach meiner Erblindung erst in den Keller, dann aus meinem Leben verbannt. Bei Geburtstagsfeiern ertrug ich es anfangs nur mit unterdr\u00fcckten Tr\u00e4nen, wenn lachend bei Sektlaune Fotos herumgereicht wurden, an denen ich nicht mehr teilhaben konnte. Sp\u00e4ter gab es Phasen, in denen ich bewusst Kontakt zu Fotograf*innen mit ganz unterschiedlichem k\u00fcnstlerischen Herangehen zulie\u00df, auch um einen damals sehr wunden Punkt, meine f\u00fcr mich unsichtbar gewordene Identit\u00e4t als Frau, einzufangen. Insbesondere f\u00fcr meine Buchillustrationen, H\u00f6rbuchcover und Ausstellungen entstand hier ein sehr enger Dialog. Zwangsl\u00e4ufig ergab sich dann mein Engagement f\u00fcr Bildbeschreibungen, die ich auch bei meinen eigenen kreativen Projekten mitdachte, um blinden Menschen einen Zugang zu bildhafter Kunst und Kultur zu erm\u00f6glichen.&nbsp;<\/p>\n\n\n\n<p>Wer nicht sehen kann, wird schnell \u00fcbersehen. Brisante Themen brauchen starke Bilder. Dieser Anspruch fordert mich als vollblinde Journalistin in meiner Arbeit inzwischen immens. Bei mir ist die Auseinandersetzung mit Fotografien oft von gro\u00dfer Faszination, aber auch von tiefem Schmerz gepr\u00e4gt. Immer wieder versuche ich, dar\u00fcber mein inneres Kopfkino zu beleben, den Kontakt zu optischen Denkmustern nicht zu verlieren, so auch bei meiner Medienarbeit. Auch wir Menschen mit Behinderungen haben ein Recht auf Sichtbarkeit und wir m\u00fcssen unsere Belange bebildern. Seit ich f\u00fcr visuelle Medien arbeite, sch\u00e4tze ich den Austausch mit Menschen, die wie ich, blind vor der Kamera agieren oder Informationen optisch umsetzen, obwohl sie das Ergebnis selbst nicht sehen k\u00f6nnen. Unser Herangehen ist ein vollkommen anderes, als das sehender Medienmacher*innen. In journalistischen Ausbildungsmaterialien kommen wir aber allenfalls als Protagonist*innen, nicht aber als Journalist*innen vor.&nbsp;<\/p>\n\n\n\n<blockquote class=\"instagram-media\" data-instgrm-permalink=\"https:\/\/www.instagram.com\/p\/CaHkCBuIlnR\/?utm_source=ig_embed&amp;utm_campaign=loading\" data-instgrm-version=\"14\" style=\" background:#FFF; border:0; border-radius:3px; box-shadow:0 0 1px 0 rgba(0,0,0,0.5),0 1px 10px 0 rgba(0,0,0,0.15); margin: 1px; max-width:540px; min-width:326px; padding:0; width:99.375%; width:-webkit-calc(100% - 2px); width:calc(100% - 2px);\"><div style=\"padding:16px;\"> <a href=\"https:\/\/www.instagram.com\/p\/CaHkCBuIlnR\/?utm_source=ig_embed&amp;utm_campaign=loading\" style=\" background:#FFFFFF; line-height:0; padding:0 0; text-align:center; text-decoration:none; width:100%;\" target=\"_blank\" rel=\"noopener\"> <div style=\" display: flex; flex-direction: row; align-items: center;\"> <div style=\"background-color: #F4F4F4; border-radius: 50%; flex-grow: 0; height: 40px; margin-right: 14px; width: 40px;\"><\/div> <div style=\"display: flex; flex-direction: column; flex-grow: 1; justify-content: center;\"> <div style=\" background-color: #F4F4F4; border-radius: 4px; flex-grow: 0; height: 14px; margin-bottom: 6px; width: 100px;\"><\/div> <div style=\" background-color: #F4F4F4; border-radius: 4px; flex-grow: 0; height: 14px; width: 60px;\"><\/div><\/div><\/div><div style=\"padding: 19% 0;\"><\/div> <div style=\"display:block; height:50px; margin:0 auto 12px; width:50px;\"><svg width=\"50px\" height=\"50px\" viewBox=\"0 0 60 60\" version=\"1.1\" xmlns=\"https:\/\/www.w3.org\/2000\/svg\" xmlns:xlink=\"https:\/\/www.w3.org\/1999\/xlink\"><g stroke=\"none\" stroke-width=\"1\" fill=\"none\" fill-rule=\"evenodd\"><g transform=\"translate(-511.000000, -20.000000)\" fill=\"#000000\"><g><path d=\"M556.869,30.41 C554.814,30.41 553.148,32.076 553.148,34.131 C553.148,36.186 554.814,37.852 556.869,37.852 C558.924,37.852 560.59,36.186 560.59,34.131 C560.59,32.076 558.924,30.41 556.869,30.41 M541,60.657 C535.114,60.657 530.342,55.887 530.342,50 C530.342,44.114 535.114,39.342 541,39.342 C546.887,39.342 551.658,44.114 551.658,50 C551.658,55.887 546.887,60.657 541,60.657 M541,33.886 C532.1,33.886 524.886,41.1 524.886,50 C524.886,58.899 532.1,66.113 541,66.113 C549.9,66.113 557.115,58.899 557.115,50 C557.115,41.1 549.9,33.886 541,33.886 M565.378,62.101 C565.244,65.022 564.756,66.606 564.346,67.663 C563.803,69.06 563.154,70.057 562.106,71.106 C561.058,72.155 560.06,72.803 558.662,73.347 C557.607,73.757 556.021,74.244 553.102,74.378 C549.944,74.521 548.997,74.552 541,74.552 C533.003,74.552 532.056,74.521 528.898,74.378 C525.979,74.244 524.393,73.757 523.338,73.347 C521.94,72.803 520.942,72.155 519.894,71.106 C518.846,70.057 518.197,69.06 517.654,67.663 C517.244,66.606 516.755,65.022 516.623,62.101 C516.479,58.943 516.448,57.996 516.448,50 C516.448,42.003 516.479,41.056 516.623,37.899 C516.755,34.978 517.244,33.391 517.654,32.338 C518.197,30.938 518.846,29.942 519.894,28.894 C520.942,27.846 521.94,27.196 523.338,26.654 C524.393,26.244 525.979,25.756 528.898,25.623 C532.057,25.479 533.004,25.448 541,25.448 C548.997,25.448 549.943,25.479 553.102,25.623 C556.021,25.756 557.607,26.244 558.662,26.654 C560.06,27.196 561.058,27.846 562.106,28.894 C563.154,29.942 563.803,30.938 564.346,32.338 C564.756,33.391 565.244,34.978 565.378,37.899 C565.522,41.056 565.552,42.003 565.552,50 C565.552,57.996 565.522,58.943 565.378,62.101 M570.82,37.631 C570.674,34.438 570.167,32.258 569.425,30.349 C568.659,28.377 567.633,26.702 565.965,25.035 C564.297,23.368 562.623,22.342 560.652,21.575 C558.743,20.834 556.562,20.326 553.369,20.18 C550.169,20.033 549.148,20 541,20 C532.853,20 531.831,20.033 528.631,20.18 C525.438,20.326 523.257,20.834 521.349,21.575 C519.376,22.342 517.703,23.368 516.035,25.035 C514.368,26.702 513.342,28.377 512.574,30.349 C511.834,32.258 511.326,34.438 511.181,37.631 C511.035,40.831 511,41.851 511,50 C511,58.147 511.035,59.17 511.181,62.369 C511.326,65.562 511.834,67.743 512.574,69.651 C513.342,71.625 514.368,73.296 516.035,74.965 C517.703,76.634 519.376,77.658 521.349,78.425 C523.257,79.167 525.438,79.673 528.631,79.82 C531.831,79.965 532.853,80.001 541,80.001 C549.148,80.001 550.169,79.965 553.369,79.82 C556.562,79.673 558.743,79.167 560.652,78.425 C562.623,77.658 564.297,76.634 565.965,74.965 C567.633,73.296 568.659,71.625 569.425,69.651 C570.167,67.743 570.674,65.562 570.82,62.369 C570.966,59.17 571,58.147 571,50 C571,41.851 570.966,40.831 570.82,37.631\"><\/path><\/g><\/g><\/g><\/svg><\/div><div style=\"padding-top: 8px;\"> <div style=\" color:#3897f0; font-family:Arial,sans-serif; font-size:14px; font-style:normal; font-weight:550; line-height:18px;\">Sieh dir diesen Beitrag auf Instagram an<\/div><\/div><div style=\"padding: 12.5% 0;\"><\/div> <div style=\"display: flex; flex-direction: row; margin-bottom: 14px; align-items: center;\"><div> <div style=\"background-color: #F4F4F4; border-radius: 50%; height: 12.5px; width: 12.5px; transform: translateX(0px) translateY(7px);\"><\/div> <div style=\"background-color: #F4F4F4; height: 12.5px; transform: rotate(-45deg) translateX(3px) translateY(1px); width: 12.5px; flex-grow: 0; margin-right: 14px; margin-left: 2px;\"><\/div> <div style=\"background-color: #F4F4F4; border-radius: 50%; height: 12.5px; width: 12.5px; transform: translateX(9px) translateY(-18px);\"><\/div><\/div><div style=\"margin-left: 8px;\"> <div style=\" background-color: #F4F4F4; border-radius: 50%; flex-grow: 0; height: 20px; width: 20px;\"><\/div> <div style=\" width: 0; height: 0; border-top: 2px solid transparent; border-left: 6px solid #f4f4f4; border-bottom: 2px solid transparent; transform: translateX(16px) translateY(-4px) rotate(30deg)\"><\/div><\/div><div style=\"margin-left: auto;\"> <div style=\" width: 0px; border-top: 8px solid #F4F4F4; border-right: 8px solid transparent; transform: translateY(16px);\"><\/div> <div style=\" background-color: #F4F4F4; flex-grow: 0; height: 12px; width: 16px; transform: translateY(-4px);\"><\/div> <div style=\" width: 0; height: 0; border-top: 8px solid #F4F4F4; border-left: 8px solid transparent; transform: translateY(-4px) translateX(8px);\"><\/div><\/div><\/div> <div style=\"display: flex; flex-direction: column; flex-grow: 1; justify-content: center; margin-bottom: 24px;\"> <div style=\" background-color: #F4F4F4; border-radius: 4px; flex-grow: 0; height: 14px; margin-bottom: 6px; width: 224px;\"><\/div> <div style=\" background-color: #F4F4F4; border-radius: 4px; flex-grow: 0; height: 14px; width: 144px;\"><\/div><\/div><\/a><p style=\" color:#c9c8cd; font-family:Arial,sans-serif; font-size:14px; line-height:17px; margin-bottom:0; margin-top:8px; overflow:hidden; padding:8px 0 7px; text-align:center; text-overflow:ellipsis; white-space:nowrap;\"><a href=\"https:\/\/www.instagram.com\/p\/CaHkCBuIlnR\/?utm_source=ig_embed&amp;utm_campaign=loading\" style=\" color:#c9c8cd; font-family:Arial,sans-serif; font-size:14px; font-style:normal; font-weight:normal; line-height:17px; text-decoration:none;\" target=\"_blank\" rel=\"noopener\">Ein Beitrag geteilt von Jennifer Sonntag (she\/her) (@paulchen_mit_frauchen)<\/a><\/p><\/div><\/blockquote> <script async=\"\" src=\"\/\/www.instagram.com\/embed.js\"><\/script>\n\n\n\n<p><\/p>\n\n\n\n<p>Als blinde TV-Frau verk\u00f6rpere ich selbstbestimmt das Credo: Fernsehen und Nichtsehen widersprechen sich nicht! Aber auch mir fehlten die Vorbilder. Es gab damals keine andere blinde Fernsehfrau, von der ich mir etwas h\u00e4tte \u201eabschauen\u201c k\u00f6nnen und leider ist es in den letzten 14 Jahren so geblieben. Auch wenn wir in den sozialen Medien besonders durch die junge Generation blinder YouTuber*innen mehr werden, im Deutschen Fernsehen w\u00fcnsche ich mir endlich eine blinde Kollegin. Nat\u00fcrlich macht es auch etwas mit mir, die visuelle Kontrolle vollkommen abgeben zu m\u00fcssen, vertrauen zu lernen, mich nicht mit anderen vergleichen und oft einfach auch nicht wissen zu k\u00f6nnen, wie ich in meinen visuellen Formaten aussehe, auch jetzt mit Anfang 40. Und es macht mich in schw\u00e4cheren Momenten auch schon mal wund, akzeptieren zu m\u00fcssen, dass es so viele Clips und Fotos von meinen Aktivit\u00e4ten und Projekten gibt, die andere sehen, ich selbst aber nie betrachten kann. Manchmal stehe ich dr\u00fcber, dann macht es mir Spa\u00df, im Kopf meine Videokolumne visuell durchzuspielen und Fotoideen zu ersinnen. Dann ist es mir fast ein bisschen egal, ob mein inneres Bild mit dem \u00e4u\u00dferen \u00fcbereinstimmt, weil die Storys und Motive in mir lebendig sind.<\/p>\n\n\n\n<p>Manchmal frage ich aber schon nach und besonders in Momenten, wenn niemand Zeit oder Geduld hat, mir etwas zu beschreiben, f\u00fchle ich mich unsicher, kann nicht teilhaben an dem, was doch so offensichtlich ist. Oft erfahre ich auch erst Jahre sp\u00e4ter durch einen Alternativtext, der zu einem Foto von mir angelegt wurde, wie ich auf einem Bild r\u00fcberkomme.<\/p>\n\n\n\n<p>Warum tue ich es mir dennoch an, lasse mich stattfinden im optischen Kosmos? Ich war einmal Sehende und das etwa genauso lange, wie ich jetzt blind bin. Die Sehende in mir ist nicht gestorben, im Gegenteil, ich m\u00f6chte sie mitnehmen, sie am Leben lassen, sie ist ein wichtiger Teil von mir, an der ich eben auch sehr oft, sehr viel Freude habe und f\u00fcr deren Existenz ich unbeschreiblich dankbar bin. Ich kenne die optischen Gesetze, wei\u00df um deren Wirkung, deren Kraft. Viele Jahre habe ich mich als Zwischenweltlerin gef\u00fchlt, als Mittlerin und Br\u00fcckenbauerin zwischen der Welt der Blinden und der Welt der Sehenden, da ich beide Seiten der Medaille kannte.<\/p>\n\n\n\n<p>Bilder sagen mehr als tausend Worte. Das wurde mir bewusst, als ich Teil einer Fotoausstellung im Halleschen Hauptbahnhof war. Ich \u201ehing\u201c schon bei verschiedenen Ausstellungen in verschiedenen Rahmen und vergesse dabei immer so ein bisschen, welche Bedeutung Bilder f\u00fcr sehende Menschen haben k\u00f6nnen. \u201eEin Kuss f\u00fcr Halle\u201c lautete der Titel und der Fotograf Peru John schenkte mir, neben den Fotos und Statements bekannter Hallenser*innen, einen eigenen Platz. Erst die unglaublich bewegenden R\u00fcckmeldungen von Besucher*innen machten mir bewusst, wie wichtig es sein kann, Gesicht zu zeigen und wie sehr ein Foto, erg\u00e4nzt um wirkungsvolle Worte, Menschen st\u00e4rken oder mobilisieren kann. Das klingt jetzt pathetisch, aber mir hat es die Augen ge\u00f6ffnet und Mut gemacht, auch als blinde Frau mit offenem Blick f\u00fcr meine Themen zu stehen. Wenn dieser Blick auch manchmal haarscharf an der Kamera vorbei geht. Und genau deshalb ist die Blinde auch bei Instagram.<\/p>\n\n\n\n<p>Insta ist f\u00fcr blinde Menschen alles andere als barrierefrei. Dennoch wollen viele von uns mitmachen. Ich muss, um dabei sein zu k\u00f6nnen, eine Menge f\u00fcr meine Teilhabe tun, viel mehr rundherum investieren, organisieren und besprechen, um Bilderwelten wahrnehmen und mitgestalten zu k\u00f6nnen. Dabei kann ich nicht so selbstbestimmt und spontan agieren, wie es sehende Nutzer*innen k\u00f6nnen, da viele Optionen nur mit sehender Assistenz m\u00f6glich sind. Ich entwickle alle Foto- und Videoideen selbst und bereite vor dem inneren Auge alles pr\u00e4zise vor. Auch wenn ich ausgekl\u00fcgelte Tricks und Kniffe habe, z.B. mir feste Stative, Magneten und Klebepunkte anbringen lie\u00df, um Kameraperspektiven einsch\u00e4tzen zu k\u00f6nnen, brauche ich als vollblinde Person ohne Sehrest beim Filmen und Fotografieren Unterst\u00fctzung, da muss ich realistisch sein. F\u00fcr blinde Menschen ist es h\u00fcrdenreich, sich auf einem bildintensiven und nicht barrierefreien Medium wie Instagram zu zeigen und zu vernetzen. Deshalb helft ihr auch mir, wenn ihr meine Seite besucht, meine Beitr\u00e4ge teilt und mit mir zusammen unsichtbare Themen sichtbar macht. Damit blinde Menschen den Inhalt auf Fotos nachvollziehen k\u00f6nnen, gibt es bei Facebook und Instagram die M\u00f6glichkeit, einen Alternativtext anzulegen. Fotos ohne Alternativtext bleiben f\u00fcr die blinde Community tote Information, so als seien f\u00fcr sehende Menschen an Stelle der Bilder nur leere Kacheln zu erkennen. Wenn ihr mithelfen wollt, die sozialen Medien bunter und barrierefreier zu gestalten, denkt bitte auch immer an den Alternativtext. Ich freue mich schon riesig darauf, all eure Fotos und Videos \u201eanschauen\u201c zu k\u00f6nnen. Wir \u201esehen\u201c uns auf Instagram!<\/p>\n\n\n\n<p>Zu meinem aktuellen Kanal: <\/p>\n\n\n\n<p><a href=\"https:\/\/www.instagram.com\/blind.feminista\/\">https:\/\/www.instagram.com\/blind.feminista\/<\/a> <\/p>\n\n\n\n<p>Zum Weiterlesen:<\/p>\n\n\n\n<p>Interview \u2013 <a href=\"https:\/\/kobinet-nachrichten.org\/2017\/02\/12\/jennifer-sonntag-denkt-nicht-in-bildschirm\/\" target=\"_blank\" rel=\"noreferrer noopener\">kobinet-Redakteur Ottmar Miles-Paul sprach mit der Inklusionsbotschafterin Jennifer Sonntag \u00fcber ihre Erfahrungen mit der barrierefreien Nutzung von Angeboten in den Medien<\/a><\/p>\n\n\n\n<div class=\"wp-block-buttons is-content-justification-center is-layout-flex wp-container-core-buttons-is-layout-1 wp-block-buttons-is-layout-flex\">\n<div class=\"wp-block-button\"><a class=\"wp-block-button__link has-background-color has-secondary-background-color has-text-color has-background wp-element-button\" href=\"https:\/\/jennifer-sonntag.de\/index.php\/blog\/\">zum Blog<\/a><\/div>\n<\/div>\n","protected":false},"excerpt":{"rendered":"<p>Diese Frage w\u00fcrde mich ziemlich erz\u00fcrnen, h\u00e4tte ich sie nicht selber gestellt, denn ich bin die Blinde. Instagram, so k\u00f6nnte man vermuten, konfrontiert einen blinden Menschen mit etwas, zu dem ihm der Zugang fehlt: mit Bilderwelten, mit fotodokumentiertem Leben, mit Sichtbarkeit, auch der eigenen. Ja, und da ist ein gro\u00dfes St\u00fcck Wahrheit an der einleitenden [&hellip;]<\/p>\n","protected":false},"author":1,"featured_media":0,"parent":322,"menu_order":0,"comment_status":"closed","ping_status":"closed","template":"","meta":{"footnotes":""},"class_list":["post-564","page","type-page","status-publish","hentry"],"_links":{"self":[{"href":"https:\/\/jennifer-sonntag.de\/index.php\/wp-json\/wp\/v2\/pages\/564"}],"collection":[{"href":"https:\/\/jennifer-sonntag.de\/index.php\/wp-json\/wp\/v2\/pages"}],"about":[{"href":"https:\/\/jennifer-sonntag.de\/index.php\/wp-json\/wp\/v2\/types\/page"}],"author":[{"embeddable":true,"href":"https:\/\/jennifer-sonntag.de\/index.php\/wp-json\/wp\/v2\/users\/1"}],"replies":[{"embeddable":true,"href":"https:\/\/jennifer-sonntag.de\/index.php\/wp-json\/wp\/v2\/comments?post=564"}],"version-history":[{"count":9,"href":"https:\/\/jennifer-sonntag.de\/index.php\/wp-json\/wp\/v2\/pages\/564\/revisions"}],"predecessor-version":[{"id":651,"href":"https:\/\/jennifer-sonntag.de\/index.php\/wp-json\/wp\/v2\/pages\/564\/revisions\/651"}],"up":[{"embeddable":true,"href":"https:\/\/jennifer-sonntag.de\/index.php\/wp-json\/wp\/v2\/pages\/322"}],"wp:attachment":[{"href":"https:\/\/jennifer-sonntag.de\/index.php\/wp-json\/wp\/v2\/media?parent=564"}],"curies":[{"name":"wp","href":"https:\/\/api.w.org\/{rel}","templated":true}]}}