{"id":659,"date":"2023-06-19T09:55:08","date_gmt":"2023-06-19T09:55:08","guid":{"rendered":"https:\/\/jennifer-sonntag.de\/?page_id=659"},"modified":"2023-06-26T07:16:23","modified_gmt":"2023-06-26T07:16:23","slug":"humor-und-tod","status":"publish","type":"page","link":"https:\/\/jennifer-sonntag.de\/index.php\/einblicke\/humor-und-tod\/","title":{"rendered":"&#8222;Humor und Tod&#8220;"},"content":{"rendered":"\n<h2 class=\"wp-block-heading\">Unterirdischer Humor \u2013 wirkt nur von unten arrogant?<\/h2>\n\n\n\n<p>\u201eWarum haben Blinde einen Stock? Damit man sie daran besser unter dem Auto hervorziehen kann.\u201c Ich wei\u00df, der Witz ist so mittel und hinterl\u00e4sst auch bei mir ein krampfiges Grinsen. Wirklich mal blind unter einem Auto zu landen, weil einer der gucken kann mich \u00fcbersehen hat, ist in meinem Fall eine Todesangst, die sich anbietet. Hat auch schon dreimal fast geklappt. Ich bin also die, die am Galgen h\u00e4ngt.<\/p>\n\n\n\n<p>Es gibt Themen, die sorgen von sich aus eher selten f\u00fcr Erheiterung: Unf\u00e4lle und Krankheiten, Kriege und Krisen, Verluste und Todesf\u00e4lle. Dennoch haben auch schlimme Situationen komische Momente. Ich wurde als behinderte Frau oft gefragt, wor\u00fcber man Witze machen darf und welche wirklich zu weit gehen. Das kommt auf die passende Situation und die pers\u00f6nliche Stimmung an, aus meiner Sicht. Geschmackssache und Schmerzgrenze, w\u00fcrden andere sagen. Manchmal wurde ich in sehr schwachen Momenten ungefragt mit sehr geschmacklosen Witzen konfrontiert. Mein pers\u00f6nlicher Humor ist so trocken, dass der Galgen kracht. Dennoch nutze ich Humor nicht blindlings.<\/p>\n\n\n\n<p>Manchmal k\u00f6nnen wir uns oder unsere Umst\u00e4nde durch einen eleganten Gag aufwerten und durch einen humorvollen Perspektivwechsel uns und die missliche Lage in einem anderen Licht erscheinen lassen. Das ist der selbstaufwertende Humor. Er hilft uns, den Blick f\u00fcr das Positive nicht zu verlieren und die Situation vielleicht sogar mit anderen Augen zu sehen. Dieser Humor kann auch in Momenten heilsam sein, in denen Gevatter Tod mit am Tisch sitzt. Der soziale Humor sorgt zus\u00e4tzlich f\u00fcr Leichtigkeit im zwischenmenschlichen Umgang, angesichts des t\u00f6dlichen Kontextes. Sozialer Humor spielte innerhalb meiner langj\u00e4hrigen sozialen Arbeit stets die Hauptrolle. Denn auch und gerade wenn wir mit dem Tod konfrontiert sind, hei\u00dft sozialer Umgang nicht, einander sozial zu umgehen. Gemeinsam zu lachen ist hier durchaus konstruktiv und empowernd. Wor\u00fcber wir uns totlachen k\u00f6nnen, entscheidet jedoch auch unsere kulturelle oder famili\u00e4re Sozialisation. In sozialen Beziehungen oder Partnerschaften kann es also sein, dass nicht alle denselben Humor teilen. Bis Humor wechselseitig ineinandergreift, muss mensch den des\/der anderen manchmal erst verstehen lernen. K\u00f6nnen wir uns humoristisch gut verst\u00e4ndigen, f\u00f6rdert das Verbindung und Zusammenhalt.<\/p>\n\n\n\n<p>Das geht aber auch umgekehrt, n\u00e4mlich im negativen Sinne und auf Kosten der Gesch\u00e4digten. Diese Form des aggressiven Humors wird oft als verletzend wahrgenommen. Im Umgang mit lebensbedrohlich erkrankten Menschen, aber auch bez\u00fcglich meiner eigenen Behinderung, kommt es schon darauf an, dass die Augenh\u00f6he gewahrt bleibt. So versuche ich auch bei meinen Mitmenschen sensibel f\u00fcr ihre aktuelle Humorlage innerhalb ihrer wunden Themen zu sein. Im Unterschied zum schwarzen Humor geht der Galgenhumor vom gesch\u00e4digten Menschen selbst aus, also vom am Galgen H\u00e4ngenden. Wenn ich von mir als Zugeh\u00f6rige einer Marginalisierten Gruppe sprechen darf, so scherze ich schon hin und wieder gern \u00fcber mich, weil sich ein Witz manchmal echt verdammt gut anbietet und es f\u00f6rmlich danach schreit, ihn auszusprechen, Situationskomik eben, oder weil er bei der Verarbeitung eines behinderungsbedingten Konfliktes hilft, manchmal auch aus Selbstschutz und nicht selten auch, weil ich Galgenhumor mag. Sich selbst auf die Schippe zu nehmen birgt aber auch eine Gefahr. Bevor mich jemand anders dumm macht, \u00fcbernehme ich das mal lieber selbst. Das ist der selbstabwertende Humor. Auf Teufel komm raus am\u00fcsieren wir andere mit dem, was uns eigentlich weh tut. Kann aber dann oft keiner ahnen, weil der Humor dann dazu dient, unsere wahren Gef\u00fchle zu verstecken. Gleichzeitig f\u00fchlen sich unsere Mitmenschen dazu eingeladen, munter mit in die Kerbe zu schlagen. Wenn ich neben dem Galgenhumor auch eine echte Freundin des schwarzen Humors bin, enth\u00e4lt dieser statt verbindender auch trennende, aggressive und destruktive Komponenten. Richtet er sich auf Feindbilder, auf die sich viele von uns einigen k\u00f6nnen, hat er f\u00fcr bestimmte Gruppen oder uns als Gesellschaft aber auch durchaus etwas Befriedigendes und hilft bei der Bew\u00e4ltigung kollektiver Traumata.<\/p>\n\n\n\n<p>Manche Alltagsszenen sind skurriler als jede \u00dcberspitzung. Die Realit\u00e4t schreibt oft die besten Comedy-Programme. Von Comedians wollte ich innerhalb meines Talk-Formates \u201eSonntagsFragen\u201c beim MDR-Fernsehen oft wissen, wie weit Humor gehen darf. In einem Punkt waren sich alle Humorarbeiter*innen einig: Es g\u00e4be kein Thema, was man nicht humoristisch be- oder verarbeiten k\u00f6nne. \u201eSehe\u201c ich auch so! Nur eine Bitte von meiner Seite noch: Nicht mehr diese blind=bl\u00f6d- Nummer, die ist echt sterbenslangweilig\u2026<\/p>\n\n\n\n<p>Diese Kolumne erschien in der Maiausgabe 2023 der \u201eDRUNTER + DR\u00dcBER\u201c, zum Thema \u201eHumor und Tod\u201c. Das aktuelle Magazin f\u00fcr Endlichkeitskultur gibt\u2019s hier als Print- und Digitalfassung (nicht f\u00fcr Screen Reader geeignet):<\/p>\n\n\n\n<p><a rel=\"noreferrer noopener\" href=\"https:\/\/gluecklicher-montag-shop.de\/product-category\/drunterdrueber\/\" target=\"_blank\">https:\/\/gluecklicher-montag-shop.de\/product-category\/drunterdrueber\/<\/a><\/p>\n\n\n\n<figure class=\"wp-block-image size-large\"><img loading=\"lazy\" decoding=\"async\" width=\"768\" height=\"1024\" src=\"https:\/\/jennifer-sonntag.de\/wp-content\/uploads\/2022\/06\/schwarzes-eis-768x1024.jpg\" alt=\"\" class=\"wp-image-369\" srcset=\"https:\/\/jennifer-sonntag.de\/wp-content\/uploads\/2022\/06\/schwarzes-eis-768x1024.jpg 768w, https:\/\/jennifer-sonntag.de\/wp-content\/uploads\/2022\/06\/schwarzes-eis-225x300.jpg 225w, https:\/\/jennifer-sonntag.de\/wp-content\/uploads\/2022\/06\/schwarzes-eis-1152x1536.jpg 1152w, https:\/\/jennifer-sonntag.de\/wp-content\/uploads\/2022\/06\/schwarzes-eis-1536x2048.jpg 1536w, https:\/\/jennifer-sonntag.de\/wp-content\/uploads\/2022\/06\/schwarzes-eis-1200x1600.jpg 1200w, https:\/\/jennifer-sonntag.de\/wp-content\/uploads\/2022\/06\/schwarzes-eis-1980x2640.jpg 1980w, https:\/\/jennifer-sonntag.de\/wp-content\/uploads\/2022\/06\/schwarzes-eis-scaled.jpg 1920w\" sizes=\"(max-width: 768px) 100vw, 768px\" \/><figcaption class=\"wp-element-caption\">Jennifer Sonntag mit schwarzem Eis; Foto: Wolfgang Sonntag<\/figcaption><\/figure>\n\n\n\n<div class=\"wp-block-buttons is-content-justification-center is-layout-flex wp-container-core-buttons-is-layout-1 wp-block-buttons-is-layout-flex\">\n<div class=\"wp-block-button\"><a class=\"wp-block-button__link has-background-color has-secondary-background-color has-text-color has-background wp-element-button\" href=\"https:\/\/jennifer-sonntag.de\/index.php\/blog\/\">Zum Blog<\/a><\/div>\n<\/div>\n","protected":false},"excerpt":{"rendered":"<p>Unterirdischer Humor \u2013 wirkt nur von unten arrogant? \u201eWarum haben Blinde einen Stock? Damit man sie daran besser unter dem Auto hervorziehen kann.\u201c Ich wei\u00df, der Witz ist so mittel und hinterl\u00e4sst auch bei mir ein krampfiges Grinsen. Wirklich mal blind unter einem Auto zu landen, weil einer der gucken kann mich \u00fcbersehen hat, ist [&hellip;]<\/p>\n","protected":false},"author":1,"featured_media":0,"parent":322,"menu_order":0,"comment_status":"closed","ping_status":"closed","template":"","meta":{"footnotes":""},"class_list":["post-659","page","type-page","status-publish","hentry"],"_links":{"self":[{"href":"https:\/\/jennifer-sonntag.de\/index.php\/wp-json\/wp\/v2\/pages\/659"}],"collection":[{"href":"https:\/\/jennifer-sonntag.de\/index.php\/wp-json\/wp\/v2\/pages"}],"about":[{"href":"https:\/\/jennifer-sonntag.de\/index.php\/wp-json\/wp\/v2\/types\/page"}],"author":[{"embeddable":true,"href":"https:\/\/jennifer-sonntag.de\/index.php\/wp-json\/wp\/v2\/users\/1"}],"replies":[{"embeddable":true,"href":"https:\/\/jennifer-sonntag.de\/index.php\/wp-json\/wp\/v2\/comments?post=659"}],"version-history":[{"count":4,"href":"https:\/\/jennifer-sonntag.de\/index.php\/wp-json\/wp\/v2\/pages\/659\/revisions"}],"predecessor-version":[{"id":677,"href":"https:\/\/jennifer-sonntag.de\/index.php\/wp-json\/wp\/v2\/pages\/659\/revisions\/677"}],"up":[{"embeddable":true,"href":"https:\/\/jennifer-sonntag.de\/index.php\/wp-json\/wp\/v2\/pages\/322"}],"wp:attachment":[{"href":"https:\/\/jennifer-sonntag.de\/index.php\/wp-json\/wp\/v2\/media?parent=659"}],"curies":[{"name":"wp","href":"https:\/\/api.w.org\/{rel}","templated":true}]}}