{"id":73,"date":"2020-11-21T15:45:06","date_gmt":"2020-11-21T15:45:06","guid":{"rendered":"https:\/\/jennifer-sonntag.de\/?page_id=73"},"modified":"2026-05-05T08:29:31","modified_gmt":"2026-05-05T08:29:31","slug":"willkommen-in-meinem-schreibstuebchen","status":"publish","type":"page","link":"https:\/\/jennifer-sonntag.de\/","title":{"rendered":"Jennifer Sonntag &#8211; Autorin, Journalistin, Aktivistin"},"content":{"rendered":"\n<div class=\"wp-block-group\"><div class=\"wp-block-group__inner-container is-layout-flow wp-block-group-is-layout-flow\"><div class=\"wp-block-image\">\n<figure class=\"aligncenter size-large is-resized\"><img loading=\"lazy\" decoding=\"async\" width=\"684\" height=\"1024\" src=\"https:\/\/jennifer-sonntag.de\/wp-content\/uploads\/2020\/11\/FavJenny-Paul-2Ohr-684x1024.jpg\" alt=\"Jennifer Sonntag sitzt mit \u00fcberschlagenen Beinen auf einem beigen Sessel und krault den vor ihr sitzenden schwarzen Labrador hinter dem Ohr. Sie tr\u00e4gt ein schwarzes kurzes Kleid mit langen \u00c4rmeln und floraler Spitze am Ausschnitt. Die hohen Stiefel sind samtig schwarz. Die Ohrringe sind Quastenf\u00f6rmig und auffallend rot. Die schwarzen Haare sind lang und leicht gewellt.\" class=\"wp-image-61\" style=\"width:350px;height:512px\" srcset=\"https:\/\/jennifer-sonntag.de\/wp-content\/uploads\/2020\/11\/FavJenny-Paul-2Ohr-684x1024.jpg 684w, https:\/\/jennifer-sonntag.de\/wp-content\/uploads\/2020\/11\/FavJenny-Paul-2Ohr-200x300.jpg 200w, https:\/\/jennifer-sonntag.de\/wp-content\/uploads\/2020\/11\/FavJenny-Paul-2Ohr-768x1150.jpg 768w, https:\/\/jennifer-sonntag.de\/wp-content\/uploads\/2020\/11\/FavJenny-Paul-2Ohr-1025x1536.jpg 1025w, https:\/\/jennifer-sonntag.de\/wp-content\/uploads\/2020\/11\/FavJenny-Paul-2Ohr-1367x2048.jpg 1367w, https:\/\/jennifer-sonntag.de\/wp-content\/uploads\/2020\/11\/FavJenny-Paul-2Ohr-1568x2349.jpg 1568w, https:\/\/jennifer-sonntag.de\/wp-content\/uploads\/2020\/11\/FavJenny-Paul-2Ohr-scaled.jpg 1709w\" sizes=\"(max-width: 684px) 100vw, 684px\" \/><figcaption class=\"wp-element-caption\">Jennifer Sonntag mit ihrem Hund Paul; Foto: Mia Media<\/figcaption><\/figure><\/div><\/div><\/div>\n\n\n\n<div class=\"wp-block-group\"><div class=\"wp-block-group__inner-container is-layout-flow wp-block-group-is-layout-flow\"><\/div><\/div>\n\n\n\n<p class=\"has-text-align-center\">Wir alle haben blinde Flecken,<br>somit auch unsere Gesellschaft.<br>Alle, die nicht in eine Schablone passen, wissen das.<\/p>\n\n\n\n<p class=\"has-text-align-center\">Ich will den vermeintlichen Rand der Gesellschaft in die Mitte holen,<br>stillen Missst\u00e4nden meine Stimme geben,<br>das Unsichtbare sichtbar und das Unfassbare sp\u00fcrbar machen.<\/p>\n\n\n\n<p class=\"has-text-align-center\">Vielfalt.<br>Teilhabe.<br>Selbstbestimmung.<br>Subkultur.<br>(F)empowerment.<\/p>\n\n\n\n<p class=\"has-text-align-center\">F\u00fcr diese Themen habe ich mir schon so oft die Hacken abgerannt,<br>dass ich jetzt nur noch flache Schuhe trage (au\u00dfer im Fernsehen nat\u00fcrlich).<br>Zum Gl\u00fcck lotst mich mein Blindenf\u00fchrhund Paul optimistisch weiter in Richtung Inklusion.<\/p>\n\n\n\n<p class=\"has-text-align-center\">TV-Beteiligungen f\u00fcr und mit: ARD, ZDF, 3-sat, MDR, WDR, RBB, BR<br>Zeitschriftenbeitr\u00e4ge f\u00fcr und mit: Myself, Barbara, Brigitte, Stern, SuperIllu, Sichtweisen, crismon, Kobinet, Die Neue Norm, Drunter &amp; Dr\u00fcber<\/p>\n\n\n\n<p class=\"has-text-align-center\"><\/p>\n\n\n\n<p class=\"has-background-color has-text-color\" style=\"font-size:7px\">Beschreibung zur optischen Gestaltung der Webseite: Die Seiten haben als Hintergrund einen dunklen Rotton (in Richtung Aubergine), w\u00e4hrend die Links und Bildunterschriften einen Farbton zwischen Altrosa und Pink haben. Hintergrund vom Header und sonstige Schrift sind in einem leichten Beigeton gehalten, w\u00e4hrend die Schrift vom Header schwarz dargestellt wird. Das Seiten-Icon ist ein &#8222;J&#8220; in Braille-Schrift.<\/p>\n\n\n","protected":false},"excerpt":{"rendered":"<p>Wir alle haben blinde Flecken,somit auch unsere Gesellschaft.Alle, die nicht in eine Schablone passen, wissen das. Ich will den vermeintlichen Rand der Gesellschaft in die Mitte holen,stillen Missst\u00e4nden meine Stimme geben,das Unsichtbare sichtbar und das Unfassbare sp\u00fcrbar machen. Vielfalt.Teilhabe.Selbstbestimmung.Subkultur.(F)empowerment. F\u00fcr diese Themen habe ich mir schon so oft die Hacken abgerannt,dass ich jetzt nur noch [&hellip;]<\/p>\n","protected":false},"author":1,"featured_media":0,"parent":0,"menu_order":0,"comment_status":"closed","ping_status":"closed","template":"","meta":{"footnotes":""},"class_list":["post-73","page","type-page","status-publish","hentry"],"_links":{"self":[{"href":"https:\/\/jennifer-sonntag.de\/index.php\/wp-json\/wp\/v2\/pages\/73"}],"collection":[{"href":"https:\/\/jennifer-sonntag.de\/index.php\/wp-json\/wp\/v2\/pages"}],"about":[{"href":"https:\/\/jennifer-sonntag.de\/index.php\/wp-json\/wp\/v2\/types\/page"}],"author":[{"embeddable":true,"href":"https:\/\/jennifer-sonntag.de\/index.php\/wp-json\/wp\/v2\/users\/1"}],"replies":[{"embeddable":true,"href":"https:\/\/jennifer-sonntag.de\/index.php\/wp-json\/wp\/v2\/comments?post=73"}],"version-history":[{"count":22,"href":"https:\/\/jennifer-sonntag.de\/index.php\/wp-json\/wp\/v2\/pages\/73\/revisions"}],"predecessor-version":[{"id":928,"href":"https:\/\/jennifer-sonntag.de\/index.php\/wp-json\/wp\/v2\/pages\/73\/revisions\/928"}],"wp:attachment":[{"href":"https:\/\/jennifer-sonntag.de\/index.php\/wp-json\/wp\/v2\/media?parent=73"}],"curies":[{"name":"wp","href":"https:\/\/api.w.org\/{rel}","templated":true}]}}