{"id":79,"date":"2020-11-21T15:53:40","date_gmt":"2020-11-21T15:53:40","guid":{"rendered":"https:\/\/jennifer-sonntag.de\/?page_id=79"},"modified":"2026-01-23T14:04:18","modified_gmt":"2026-01-23T14:04:18","slug":"person","status":"publish","type":"page","link":"https:\/\/jennifer-sonntag.de\/index.php\/person\/","title":{"rendered":"Person"},"content":{"rendered":"<div class=\"wp-block-image is-resized\">\n<figure class=\"aligncenter size-large\"><img loading=\"lazy\" decoding=\"async\" width=\"768\" height=\"1024\" src=\"https:\/\/jennifer-sonntag.de\/wp-content\/uploads\/2021\/05\/Blutsgeschwister-768x1024.jpg\" alt=\"Jennifer Sonntag steht mit ihrem schwarzen Labrador im F\u00fchrgeschirr auf einem Weg, der auf beiden Seiten von Gras und B\u00fcschen ges\u00e4umt ist. Jennifer tr\u00e4gt eine Sonnenbrille, deren dunkle Gl\u00e4ser herzf\u00f6rmig und rot gerahmt sind. Ihr Kleid ist schwarz und mit roten Blumen und fliegenden wei\u00dfen Tauben bedruckt. Dazu tr\u00e4gt sie lackschwarze Schn\u00fcrstifeletten ohne Absatz.\" class=\"wp-image-266\" srcset=\"https:\/\/jennifer-sonntag.de\/wp-content\/uploads\/2021\/05\/Blutsgeschwister-768x1024.jpg 768w, https:\/\/jennifer-sonntag.de\/wp-content\/uploads\/2021\/05\/Blutsgeschwister-225x300.jpg 225w, https:\/\/jennifer-sonntag.de\/wp-content\/uploads\/2021\/05\/Blutsgeschwister-1152x1536.jpg 1152w, https:\/\/jennifer-sonntag.de\/wp-content\/uploads\/2021\/05\/Blutsgeschwister-1536x2048.jpg 1536w, https:\/\/jennifer-sonntag.de\/wp-content\/uploads\/2021\/05\/Blutsgeschwister-1200x1600.jpg 1200w, https:\/\/jennifer-sonntag.de\/wp-content\/uploads\/2021\/05\/Blutsgeschwister-1980x2640.jpg 1980w, https:\/\/jennifer-sonntag.de\/wp-content\/uploads\/2021\/05\/Blutsgeschwister-scaled.jpg 1920w\" sizes=\"(max-width: 768px) 100vw, 768px\" \/><figcaption class=\"wp-element-caption\">Jennifer Sonntag mit Blindenf\u00fchrhund Paul; Foto: privat<\/figcaption><\/figure><\/div>\n\n\n<p>Wir alle haben blinde Flecken,<br>somit auch unsere Gesellschaft.<br>Alle, die nicht in eine Schablone passen, wissen das.<\/p>\n\n\n\n<p>Ich will den vermeintlichen Rand der Gesellschaft in die Mitte holen,<br>stillen Missst\u00e4nden meine Stimme geben,<br>das Unsichtbare sichtbar und das Unfassbare sp\u00fcrbar machen.<\/p>\n\n\n\n<p>Vielfalt.<br>Teilhabe.<br>Selbstbestimmung.<br>Subkultur.<br>(F)empowerment.<\/p>\n\n\n\n<p>F\u00fcr diese Themen habe ich mir schon so oft die Hacken abgerannt,<br>dass ich jetzt nur noch flache Schuhe trage (au\u00dfer im Fernsehen nat\u00fcrlich).<br>Zum Gl\u00fcck lotst mich mein Blindenf\u00fchrhund Paul optimistisch weiter in Richtung Inklusion.<\/p>\n\n\n\n<p>TV-Beteiligungen f\u00fcr und mit: ARD, ZDF, 3-sat, MDR, WDR, RBB, BR<br>Zeitschriftenbeitr\u00e4ge f\u00fcr und mit: Myself, Barbara, Brigitte, SuperIllu, Sichtweisen, Optimisten, Kobinet, Die Neue Norm, Drunter &amp; Dr\u00fcber<\/p>\n\n\n<div class=\"wp-block-image is-resized\">\n<figure class=\"aligncenter size-large\"><img loading=\"lazy\" decoding=\"async\" width=\"1024\" height=\"683\" src=\"https:\/\/jennifer-sonntag.de\/wp-content\/uploads\/2020\/11\/Solo-jacket.jpg\" alt=\"Auf dem Bild ist Jennifer Sonntag als Moderatorin auf einem gro\u00dfen schwarzen Ledersessel zu sehen. Im Hintergrund ist ein gro\u00dfer Monitor mit dem Schriftzug \u201eselbstbestimmt! \u2013 die SonntagsFragen\u201c auf rotem Hintergrund zu sehen. Am unteren Rand des Bildes sind die Moderationskarten zu erkennen, die sie vermutlich in der Hand h\u00e4lt. Den Blick hat sie an der Kamera vorbei auf eine Person gerichtet, die nicht auf dem Foto zu sehen ist. Der Mund mit den rot geschminkten Lippen ist zum Sprechen ge\u00f6ffnet. Ihre schwarzen Haare tr\u00e4gt sie glatt und offen. Zu einem schlichten schwarzen Jackett tr\u00e4gt sie eine Kette mit einem silbernen kreisrunden Anh\u00e4nger, um den sich eine schwarze Schlange windet.\" class=\"wp-image-68\" srcset=\"https:\/\/jennifer-sonntag.de\/wp-content\/uploads\/2020\/11\/Solo-jacket.jpg 1024w, https:\/\/jennifer-sonntag.de\/wp-content\/uploads\/2020\/11\/Solo-jacket-300x200.jpg 300w, https:\/\/jennifer-sonntag.de\/wp-content\/uploads\/2020\/11\/Solo-jacket-768x512.jpg 768w\" sizes=\"(max-width: 1024px) 100vw, 1024px\" \/><figcaption class=\"wp-element-caption\">Jennifer Sonntag moderiert die SonntagsFragen; Foto: malsehn.media<\/figcaption><\/figure><\/div>\n\n\n<h2 class=\"wp-block-heading\" id=\"Vita\">Vita<\/h2>\n\n\n\n<p>Meine Vita ist entsprechend den Verlagsstandards in der dritten Person angelegt und kann gern f\u00fcr Ihre \u00d6ffentlichkeitsarbeit genutzt werden.<\/p>\n\n\n\n<p id=\"Vita\">Geboren wurde Jennifer Sonntag 1979 in Halle an der Saale. Dort lebt sie auch heute mit ihrem Buch- und Lebenspartner und ihrem Blindenf\u00fchrhund. Die diplomierte Sozialp\u00e4dagogin und Sozialarbeiterin blieb nahezu 20 Jahre ihrem Berufsfeld treu, den Gro\u00dfteil in Festanstellung, sp\u00e4ter als freie Peer-Beraterin. Parallel dazu ver\u00f6ffentlichte sie acht B\u00fccher und absolvierte ein Fernstudium in literarischem Schreiben. Sie entwickelte zahlreiche Workshops und p\u00e4dagogische Schulungsmaterialien. Dabei sorgte sie f\u00fcr Br\u00fcckenschl\u00e4ge zwischen fachlichem und literarischem Arbeiten und entdeckte die Tragkraft beider Berufungen f\u00fcreinander: soziale Relevanz f\u00fcr die Literatur, anschauliche Sprachbilder im Fachkontext. So publizierte sie in Fachzeitschriften und auf spezifischen Online-Plattformen, die regelm\u00e4\u00dfig Themen und Texte aus ihren B\u00fcchern anfragten. Jennifer Sonntag war es stets ein wichtiges Anliegen, auch Mitschreibende zu Wort kommen zu lassen. Sie ist Herausgeberin von Anthologien und beteiligte sich an vielfaltf\u00f6rdernden Gemeinschaftsprojekten. F\u00fcr das gemeinsame Kunst- und Literaturprojekt \u201eLiebe mit Laufmaschen\u201c erhielt sie mit ihrem Partner Dirk Rotzsch 2018 den Mitteldeutschen Inklusionspreis \u201eMosaik\u201c. Die Autorin macht sich f\u00fcr eine barrierefreie Kulturlandschaft in ihrer Heimatstadt stark und konnte mit kreativ Aktiven bereits zahlreiche inklusive Projekte mitgestalten, so z.B. im Kunstforum, im Neuen Theater und im Stadtmuseum Halle. Um f\u00fcr die Belange blinder Menschen zu sensibilisieren, f\u00fchrte sie in 16 Jahren mehrere tausend G\u00e4ste durch die abgedunkelten Erfahrungskulissen der \u201eSensorischen Welt\u201c in Halle. Au\u00dferdem \u00fcbernahm sie Schirmherrschaften f\u00fcr das Leipziger Bach-Museum.<\/p>\n\n\n<div class=\"wp-block-image is-resized\">\n<figure class=\"aligncenter size-large\"><img loading=\"lazy\" decoding=\"async\" width=\"1024\" height=\"683\" src=\"https:\/\/jennifer-sonntag.de\/wp-content\/uploads\/2020\/11\/Jenny-schwarzer-Schmetterling.jpg\" alt=\"Zu sehen ist ein Portraitfoto von Jennifer Sonntag. Die geschlossenen Lippen sind in einem dezenten Rotton geschminkt und deuten ein leichtes L\u00e4cheln an. Die schwarzen Haare sind nach hinten gesteckt und geben den Blick frei auf gro\u00dfe filigrane H\u00e4ngeohrringe in Form von schwarzen Schmetterlingen. \u00dcber den Schultern sind schwarze schmale Tr\u00e4ger zu erkennen.\" class=\"wp-image-65\" srcset=\"https:\/\/jennifer-sonntag.de\/wp-content\/uploads\/2020\/11\/Jenny-schwarzer-Schmetterling.jpg 1024w, https:\/\/jennifer-sonntag.de\/wp-content\/uploads\/2020\/11\/Jenny-schwarzer-Schmetterling-300x200.jpg 300w, https:\/\/jennifer-sonntag.de\/wp-content\/uploads\/2020\/11\/Jenny-schwarzer-Schmetterling-768x512.jpg 768w\" sizes=\"(max-width: 1024px) 100vw, 1024px\" \/><figcaption class=\"wp-element-caption\">Jennifer Sonntag; Foto: malsehn.media<\/figcaption><\/figure><\/div>\n\n\n<p>Jennifer Sonntag war von 2008 bis 2022 als Moderatorin und Kolumnistin in eigenen Formaten bei MDR  \u201eSelbstbestimmt!\u201c zu sehen. Als blinde TV-Frau stellte sie \u00fcber 90 prominenten Gespr\u00e4chsg\u00e4sten ihre \u201eSonntagsFragen\u201c im gleichnamigen Talk-Fenster. Die Autorin qualifizierte sich stetig zur Fachjournalistin weiter und ist inzwischen \u00fcberwiegend im Journalismus t\u00e4tig. Wie auch in Ihren B\u00fcchern, m\u00f6chte sie \u00fcbersehene Themen sichtbar machen. Dazu geh\u00f6rt insbesondere die Teilhabe behinderter Menschen, f\u00fcr die sie sich auch als Inklusionsbotschafterin der Interessenvertretung Selbstbestimmt Leben in Deutschland (ISL) stark machte. Als Botschafterin f\u00fcr die \u201eStadt der Sterblichen\u201c 2019 in Leipzig unterst\u00fctzte sie die Funus Stiftung dabei, Tabus wie Verlust und Trauer gesellschaftlich besprechbar zu machen. Seit 2021 ist sie Kuratoriumsmitglied bei PRO RETINA Deutschland, einer Selbsthilfevereinigung von Menschen mit Netzhautdegenerationen.<\/p>\n\n\n\n<p>Ein Portrait \u00fcber Jennifer Sonntag erschienen auf der Seite des Blinden- und Sehbehindertenverband Wien, Nieder\u00f6sterreich und Burgenland: <a href=\"https:\/\/www.blindenverband-wnb.at\/blog\/frauen-ermaechtigt-euch\/\" target=\"_blank\" rel=\"noreferrer noopener\">externer Link<\/a><br><\/p>\n","protected":false},"excerpt":{"rendered":"<p>Wir alle haben blinde Flecken,somit auch unsere Gesellschaft.Alle, die nicht in eine Schablone passen, wissen das. Ich will den vermeintlichen Rand der Gesellschaft in die Mitte holen,stillen Missst\u00e4nden meine Stimme geben,das Unsichtbare sichtbar und das Unfassbare sp\u00fcrbar machen. Vielfalt.Teilhabe.Selbstbestimmung.Subkultur.(F)empowerment. F\u00fcr diese Themen habe ich mir schon so oft die Hacken abgerannt,dass ich jetzt nur noch [&hellip;]<\/p>\n","protected":false},"author":1,"featured_media":0,"parent":0,"menu_order":0,"comment_status":"closed","ping_status":"closed","template":"","meta":{"footnotes":""},"class_list":["post-79","page","type-page","status-publish","hentry"],"_links":{"self":[{"href":"https:\/\/jennifer-sonntag.de\/index.php\/wp-json\/wp\/v2\/pages\/79"}],"collection":[{"href":"https:\/\/jennifer-sonntag.de\/index.php\/wp-json\/wp\/v2\/pages"}],"about":[{"href":"https:\/\/jennifer-sonntag.de\/index.php\/wp-json\/wp\/v2\/types\/page"}],"author":[{"embeddable":true,"href":"https:\/\/jennifer-sonntag.de\/index.php\/wp-json\/wp\/v2\/users\/1"}],"replies":[{"embeddable":true,"href":"https:\/\/jennifer-sonntag.de\/index.php\/wp-json\/wp\/v2\/comments?post=79"}],"version-history":[{"count":29,"href":"https:\/\/jennifer-sonntag.de\/index.php\/wp-json\/wp\/v2\/pages\/79\/revisions"}],"predecessor-version":[{"id":883,"href":"https:\/\/jennifer-sonntag.de\/index.php\/wp-json\/wp\/v2\/pages\/79\/revisions\/883"}],"wp:attachment":[{"href":"https:\/\/jennifer-sonntag.de\/index.php\/wp-json\/wp\/v2\/media?parent=79"}],"curies":[{"name":"wp","href":"https:\/\/api.w.org\/{rel}","templated":true}]}}