{"id":799,"date":"2024-08-26T07:20:06","date_gmt":"2024-08-26T07:20:06","guid":{"rendered":"https:\/\/jennifer-sonntag.de\/?page_id=799"},"modified":"2024-09-04T11:20:10","modified_gmt":"2024-09-04T11:20:10","slug":"blinde-barbie","status":"publish","type":"page","link":"https:\/\/jennifer-sonntag.de\/index.php\/einblicke\/blinde-barbie\/","title":{"rendered":"Blinde Barbie:"},"content":{"rendered":"\n<h2 class=\"wp-block-heading has-text-align-center\">empowernd oder nicht?<\/h2>\n\n\n\n<p>Als feministische Autorin war ich vom Erscheinen der blinden Barbie durchaus begeistert, denn in meinem Buch \u201eHinter Aphrodites Augen\u201c erz\u00e4hlten viele blinde Frauen, dass sie in ihrer Kindheit und Jugend von sehenden Menschen h\u00e4ufig gesagt bekamen: \u201eDu kannst keine langen Haare haben, die kannst du als blindes M\u00e4dchen nicht pflegen\u201c, oder: \u201eDu darfst keinen kurzen Rock tragen, dann musst du dich nicht wundern, wenn dir als behinderte junge Frau etwas passiert\u201c oder \u201cVersteck deine Augen, die sind h\u00e4sslich\u201c. Barbie sieht das anders: Sie tr\u00e4gt ein kurzes R\u00f6ckchen, lange Haare und zeigt ihre Augen, die sie auch schminken m\u00f6chte. Aber auch ihre Brillen geh\u00f6ren ganz selbstverst\u00e4ndlich dazu, genau wie ihr Langstock.<\/p>\n\n\n\n<p>Dieser (F)empowerment-Moment hat vielen sehbehinderten und blinden M\u00e4dchen und Frauen gefehlt. Es gab diese Vorbilder auf dem Spielzeugmarkt und auch in vielen anderen Bereichen nicht. Dass eine blinde Barbie geschminkt ist, sorgte nun sogar f\u00fcr Irritationen. Seit vielen Jahren k\u00e4mpfe ich gegen das Vorurteil an, dass blinde Frauen sich nicht f\u00fcr Beauty und Fashion interessieren. Und wieder bringe ich eines meiner B\u00fccher ins Spiel. In \u201eDer Geschmack von Lippenrot\u201c gebe ich blinden Frauen Tipps zum Schminken, zu Mode und Stil. Es ist aber auch vollkommen ok, wenn eine Blinde Frau damit \u00fcberhaupt nichts am Hut hat, sie soll es nur selbstbestimmt entscheiden k\u00f6nnen und die Wahl haben.<\/p>\n\n\n\n<p>Mit der Ver\u00f6ffentlichung des Barbie-Films begab ich mich auf die Suche nach blinden Puppenpers\u00f6nlichkeiten und fand eine Umsetzung der taubblinden Schriftstellerin Helen Keller, die ein Braille-Buch in den H\u00e4nden hielt. Innerhalb meiner Barbie-Sozialisation war ich stets interessiert an Exemplaren, die neben der blonden Standardausf\u00fchrung andere Haar- oder Hautfarben hatten oder Diversit\u00e4t in jeglicher Form transportierten. Zum Gl\u00fcck hat die Puppe bei mir pers\u00f6nlich keine Figurkomplexe ausgel\u00f6st. Wenn ich Barbie nackt machte, sah sie merkw\u00fcrdig zusammengeschraubt aus, das war nichts, was ich anstrebte. Komplexe bez\u00fcglich meiner Figur hatten bei mir eher meine Mitmenschen bewirkt. Auch f\u00fchlte ich mich durch das Spielzeug nicht in eine unterdr\u00fcckte Frauenrolle gedr\u00e4ngt, denn ich identifizierte die Puppe auch mit Charakteren und Berufungen, die mir durchaus Kraft gaben und Mut machten. Aber mir ist bewusst, dass die Themen K\u00f6rperbild und Frauenbild vor dem Barbie-Hintergrund kontrovers diskutiert werden m\u00fcssen und auch ich war in meinem kindlichen Spielverhalten ganz sicher nicht immer frei von reproduzierten Klischees.<\/p>\n\n\n\n<p>Barbie ist eine Modepuppe und ein kommerzielles Produkt, das spaltet bei blinden und bei sehenden Menschen gleicherma\u00dfen die Gem\u00fcter. Eines l\u00e4sst sich jedoch nicht wegdiskutieren. Die Big Player der Unternehmensbranche k\u00f6nnen die Inklusion immens pushen. So kann man z.B. auch vom iPhone halten was man will, es wurde zu einem der relevantesten Produkte f\u00fcr blinde Menschen weltweit, weil Apple uns als Kund*innen erkannte und konsequent mitnahm. Auch Barbie kann dabei helfen, den Markt inklusiver zu gestalten und unsichtbare Themen sichtbar zu machen. Was wir in unseren Nischen mit unserer \u00d6ffentlichkeitsarbeit seit Jahrzehnten nicht schaffen, erreicht sie mit einem gro\u00dfen Knall. Wie auch beim Iphone, wurden bei ihrer Entwicklung blinde Menschen involviert. Barbie liebt Mode, viele blinde Frauen auch. Kleidung Shoppen k\u00f6nnen wir online jedoch gr\u00f6\u00dftenteils noch immer nicht, da der Handel hier f\u00fcr blinde Menschen nicht barrierefrei ist, selbst bei Fair-Fashion-Labels. Das ist doch wirklich nicht fair. Barbie, sag du mal was dazu!<\/p>\n\n\n\n<p>Ich jedenfalls war und bleibe Barbie-Fan und sammle die Dia-De-Muertos-Puppen. Die blinde Barbie w\u00fcrde ich mir sofort kaufen, sobald Mattel sie mit einem Blindenf\u00fchrhund ausstattet. Viele Kinder interessieren sich f\u00fcr das Thema Assistenzhund und w\u00fcrden somit spielerisch lernen: Wenn Barbie ihrem Hund das F\u00fchrgeschirr anzieht, ist er im Dienst und darf nicht abgelenkt werden, legt sie ihm die Kenndecke an, dann hat er Freizeit, das Gl\u00f6ckchen macht sie ihm um, damit sie ihn im Freilauf h\u00f6ren kann. Sp\u00e4testens hier wird klar, dass Barbie mehr kann als Mode, sie kann ihre Lebenswelt als blinde Frau teilen, mit allem, was dazugeh\u00f6rt. Das ist inklusiv und durchaus empowernd, oder?&nbsp;<\/p>\n\n\n\n<figure class=\"wp-block-image size-large\"><img loading=\"lazy\" decoding=\"async\" width=\"631\" height=\"1024\" src=\"https:\/\/jennifer-sonntag.de\/wp-content\/uploads\/2024\/09\/Barbie-und-Jenny-631x1024.jpg\" alt=\"Das Bild zeigt eine Frau und eine Barbie-Puppe auf einem Weg im Freien. Die Frau hat langes, dunkles Haar und tr\u00e4gt ein schwarzes Kleid mit bunten Blumenmustern. Sie tr\u00e4gt rote, herzf\u00f6rmige Sonnenbrillen und schwarze Stiefel. Neben ihr steht ein schwarzer Blindenf\u00fchrhund mit einem wei\u00dfen Geschirr, das ein orangefarbenes Schild mit der Aufschrift &quot;Blindenf\u00fchrhund&quot; tr\u00e4gt. Die Barbie-Puppe hat langes, braunes Haar und tr\u00e4gt ein rosa Oberteil mit einem lila, mehrlagigen Rock. Sie h\u00e4lt einen wei\u00dfen Blindenstock. Im Hintergrund sind gr\u00fcne B\u00fcsche und B\u00e4ume zu sehen, und der Himmel ist blau. (Bildbeschreibung von Be My AI)\" class=\"wp-image-803\" srcset=\"https:\/\/jennifer-sonntag.de\/wp-content\/uploads\/2024\/09\/Barbie-und-Jenny-631x1024.jpg 631w, https:\/\/jennifer-sonntag.de\/wp-content\/uploads\/2024\/09\/Barbie-und-Jenny-185x300.jpg 185w, https:\/\/jennifer-sonntag.de\/wp-content\/uploads\/2024\/09\/Barbie-und-Jenny.jpg 693w\" sizes=\"(max-width: 631px) 100vw, 631px\" \/><figcaption class=\"wp-element-caption\">Jennifer Sonntag mit Barbie; Collage: Barbie &#8211; Mattel und Foto privat<\/figcaption><\/figure>\n\n\n\n<div class=\"wp-block-buttons is-content-justification-center is-layout-flex wp-container-core-buttons-is-layout-1 wp-block-buttons-is-layout-flex\">\n<div class=\"wp-block-button\"><a class=\"wp-block-button__link wp-element-button\" href=\"https:\/\/jennifer-sonntag.de\/index.php\/blog\/\">Zum Blog<\/a><\/div>\n<\/div>\n","protected":false},"excerpt":{"rendered":"<p>empowernd oder nicht? Als feministische Autorin war ich vom Erscheinen der blinden Barbie durchaus begeistert, denn in meinem Buch \u201eHinter Aphrodites Augen\u201c erz\u00e4hlten viele blinde Frauen, dass sie in ihrer Kindheit und Jugend von sehenden Menschen h\u00e4ufig gesagt bekamen: \u201eDu kannst keine langen Haare haben, die kannst du als blindes M\u00e4dchen nicht pflegen\u201c, oder: \u201eDu [&hellip;]<\/p>\n","protected":false},"author":1,"featured_media":0,"parent":322,"menu_order":0,"comment_status":"closed","ping_status":"closed","template":"","meta":{"footnotes":""},"class_list":["post-799","page","type-page","status-publish","hentry"],"_links":{"self":[{"href":"https:\/\/jennifer-sonntag.de\/index.php\/wp-json\/wp\/v2\/pages\/799"}],"collection":[{"href":"https:\/\/jennifer-sonntag.de\/index.php\/wp-json\/wp\/v2\/pages"}],"about":[{"href":"https:\/\/jennifer-sonntag.de\/index.php\/wp-json\/wp\/v2\/types\/page"}],"author":[{"embeddable":true,"href":"https:\/\/jennifer-sonntag.de\/index.php\/wp-json\/wp\/v2\/users\/1"}],"replies":[{"embeddable":true,"href":"https:\/\/jennifer-sonntag.de\/index.php\/wp-json\/wp\/v2\/comments?post=799"}],"version-history":[{"count":2,"href":"https:\/\/jennifer-sonntag.de\/index.php\/wp-json\/wp\/v2\/pages\/799\/revisions"}],"predecessor-version":[{"id":806,"href":"https:\/\/jennifer-sonntag.de\/index.php\/wp-json\/wp\/v2\/pages\/799\/revisions\/806"}],"up":[{"embeddable":true,"href":"https:\/\/jennifer-sonntag.de\/index.php\/wp-json\/wp\/v2\/pages\/322"}],"wp:attachment":[{"href":"https:\/\/jennifer-sonntag.de\/index.php\/wp-json\/wp\/v2\/media?parent=799"}],"curies":[{"name":"wp","href":"https:\/\/api.w.org\/{rel}","templated":true}]}}